{"id":72,"date":"2017-07-12T05:54:00","date_gmt":"2017-07-12T05:54:00","guid":{"rendered":"https:\/\/woodmachine.org\/services\/"},"modified":"2024-05-15T11:50:24","modified_gmt":"2024-05-15T03:50:24","slug":"services","status":"publish","type":"page","link":"https:\/\/woodmachine.org\/es\/services\/","title":{"rendered":"Servicios"},"content":{"rendered":"<div data-elementor-type=\"wp-post\" data-elementor-id=\"72\" class=\"elementor elementor-72\" data-elementor-post-type=\"page\"> \t\t\t\t<div class=\"elementor-element elementor-element-909c838 e-flex e-con-boxed e-con e-parent\" data-id=\"909c838\" data-element_type=\"container\" data-e-type=\"container\" data-settings=\"{&quot;background_background&quot;:&quot;classic&quot;}\"> \t\t\t\t\t<div class=\"e-con-inner\"> \t\t\t\t<div class=\"elementor-element elementor-element-2499def elementor-widget elementor-widget-heading\" data-id=\"2499def\" data-element_type=\"widget\" data-e-type=\"widget\" data-widget_type=\"heading.default\"> \t\t\t\t\t<h1 class=\"elementor-heading-title elementor-size-default\">Servicios<\/h1>\t\t\t\t<\/div> \t\t\t\t\t<\/div> \t\t\t\t<\/div> \t\t<div class=\"elementor-element elementor-element-402bc30 e-flex e-con-boxed e-con e-parent\" data-id=\"402bc30\" data-element_type=\"container\" data-e-type=\"container\"> \t\t\t\t\t<div class=\"e-con-inner\"> \t\t<div class=\"elementor-element elementor-element-c017a28 e-con-full e-flex e-con e-child\" data-id=\"c017a28\" data-element_type=\"container\" data-e-type=\"container\"> \t\t\t\t<div class=\"elementor-element elementor-element-1e3ba53 elementor-widget__width-inherit elementor-widget elementor-widget-heading\" data-id=\"1e3ba53\" data-element_type=\"widget\" data-e-type=\"widget\" data-widget_type=\"heading.default\"> \t\t\t\t\t<h2 class=\"elementor-heading-title elementor-size-default\">Nuestros servicios<\/h2>\t\t\t\t<\/div> \t\t\t\t<div class=\"elementor-element elementor-element-eca3d63 elementor-widget__width-inherit elementor-widget elementor-widget-text-editor\" data-id=\"eca3d63\" data-element_type=\"widget\" data-e-type=\"widget\" data-widget_type=\"text-editor.default\"> \t\t\t\t\t\t\t\t\t<p>Bas\u00e1ndonos en el principio de orientaci\u00f3n a la calidad, buena reputaci\u00f3n y atenci\u00f3n al cliente primero, tenemos la fe en crear productos de alta calidad entre las industrias relevantes y lograr un excelente rendimiento durante a\u00f1os. Por lo tanto, estamos muy preocupados por la cooperaci\u00f3n con cada cliente y tambi\u00e9n valoramos cada comunicaci\u00f3n con los clientes. Contamos con muchos a\u00f1os de experiencia en la gesti\u00f3n de enlaces de preventa, venta y posventa, por lo que podemos brindar un buen servicio al cliente.<\/p>\t\t\t\t\t\t\t\t<\/div> \t\t\t\t<div class=\"elementor-element elementor-element-e81b067 elementor-widget__width-initial elementor-widget elementor-widget-icon-box\" data-id=\"e81b067\" data-element_type=\"widget\" data-e-type=\"widget\" data-widget_type=\"icon-box.default\"> \t\t\t\t\t\t\t<div class=\"elementor-icon-box-wrapper\">  \t\t\t \t\t\t\t\t\t<div class=\"elementor-icon-box-content\">  \t\t\t\t\t\t\t\t\t<h5 class=\"elementor-icon-box-title\"> \t\t\t\t\t\t<span  > \t\t\t\t\t\t\tPlanificaci\u00f3n meticulosa\t\t\t\t\t\t<\/span> \t\t\t\t\t<\/h5> \t\t\t\t \t\t\t\t\t\t\t\t\t<p class=\"elementor-icon-box-description\"> \t\t\t\t\t\tAyude a elegir el equipo adecuado seg\u00fan los requisitos de los clientes o personalice las m\u00e1quinas para satisfacer las necesidades del cliente.\t\t\t\t\t<\/p> \t\t\t\t \t\t\t<\/div> \t\t\t \t\t<\/div> \t\t\t\t\t\t<\/div> \t\t\t\t<div class=\"elementor-element elementor-element-a8a5780 elementor-widget__width-initial elementor-widget elementor-widget-icon-box\" data-id=\"a8a5780\" data-element_type=\"widget\" data-e-type=\"widget\" data-widget_type=\"icon-box.default\"> \t\t\t\t\t\t\t<div class=\"elementor-icon-box-wrapper\">  \t\t\t \t\t\t\t\t\t<div class=\"elementor-icon-box-content\">  \t\t\t\t\t\t\t\t\t<h5 class=\"elementor-icon-box-title\"> \t\t\t\t\t\t<span  > \t\t\t\t\t\t\tenv\u00edo puntual y gu\u00eda de uso\t\t\t\t\t\t<\/span> \t\t\t\t\t<\/h5> \t\t\t\t \t\t\t\t\t\t\t\t\t<p class=\"elementor-icon-box-description\"> \t\t\t\t\t\t Env\u00ede al cliente lo antes posible y proporcione la gu\u00eda de operaci\u00f3n e instalaci\u00f3n de la m\u00e1quina correspondiente para ayudar en el proceso de producci\u00f3n del cliente.\t\t\t\t\t<\/p> \t\t\t\t \t\t\t<\/div> \t\t\t \t\t<\/div> \t\t\t\t\t\t<\/div> \t\t\t\t<div class=\"elementor-element elementor-element-95eee24 elementor-widget__width-initial elementor-widget elementor-widget-icon-box\" data-id=\"95eee24\" data-element_type=\"widget\" data-e-type=\"widget\" data-widget_type=\"icon-box.default\"> \t\t\t\t\t\t\t<div class=\"elementor-icon-box-wrapper\">  \t\t\t \t\t\t\t\t\t<div class=\"elementor-icon-box-content\">  \t\t\t\t\t\t\t\t\t<h5 class=\"elementor-icon-box-title\"> \t\t\t\t\t\t<span  > \t\t\t\t\t\t\tEjecuci\u00f3n perfecta\t\t\t\t\t\t<\/span> \t\t\t\t\t<\/h5> \t\t\t\t \t\t\t\t\t\t\t\t\t<p class=\"elementor-icon-box-description\"> \t\t\t\t\t\tRealizar arreglos de itinerarios para visitas de clientes, reservas de hotel y traslados. Proporcione a los clientes comentarios e informaci\u00f3n detallada a tiempo.\t\t\t\t\t<\/p> \t\t\t\t \t\t\t<\/div> \t\t\t \t\t<\/div> \t\t\t\t\t\t<\/div> \t\t\t\t<div class=\"elementor-element elementor-element-03a7451 elementor-widget__width-initial elementor-widget elementor-widget-icon-box\" data-id=\"03a7451\" data-element_type=\"widget\" data-e-type=\"widget\" data-widget_type=\"icon-box.default\"> \t\t\t\t\t\t\t<div class=\"elementor-icon-box-wrapper\">  \t\t\t \t\t\t\t\t\t<div class=\"elementor-icon-box-content\">  \t\t\t\t\t\t\t\t\t<h5 class=\"elementor-icon-box-title\"> \t\t\t\t\t\t<span  > \t\t\t\t\t\t\tPrecios asequibles\t\t\t\t\t\t<\/span> \t\t\t\t\t<\/h5> \t\t\t\t \t\t\t\t\t\t\t\t\t<p class=\"elementor-icon-box-description\"> \t\t\t\t\t\t Cotizar estrictamente a los clientes de acuerdo con los precios de mercado para garantizar que se les proporcionen productos con un retorno de la inversi\u00f3n relativamente alto, de modo que los clientes realmente se beneficien.\t\t\t\t\t<\/p> \t\t\t\t \t\t\t<\/div> \t\t\t \t\t<\/div> \t\t\t\t\t\t<\/div> \t\t\t\t<\/div> \t\t<div class=\"elementor-element elementor-element-72903bc e-con-full e-flex e-con e-child\" data-id=\"72903bc\" data-element_type=\"container\" data-e-type=\"container\"> \t\t\t\t<div class=\"elementor-element elementor-element-e72a812 elementor-widget elementor-widget-image\" data-id=\"e72a812\" data-element_type=\"widget\" data-e-type=\"widget\" data-widget_type=\"image.default\"> \t\t\t\t\t\t\t\t\t\t\t\t\t\t\t<img fetchpriority=\"high\" decoding=\"async\" width=\"720\" height=\"480\" src=\"https:\/\/woodmachine.org\/wp-content\/uploads\/2020\/04\/customers-visiting-of-Shuliy-factory.jpg\" class=\"attachment-large size-large wp-image-1447\" alt=\"Clientes que visitan la f\u00e1brica de Shuliy.\" srcset=\"https:\/\/woodmachine.org\/wp-content\/uploads\/2020\/04\/customers-visiting-of-Shuliy-factory.jpg 720w, https:\/\/woodmachine.org\/wp-content\/uploads\/2020\/04\/customers-visiting-of-Shuliy-factory-300x200.jpg 300w\" sizes=\"(max-width: 720px) 100vw, 720px\" \/>\t\t\t\t\t\t\t\t\t\t\t\t\t\t\t<\/div> \t\t\t\t<\/div> \t\t\t\t\t<\/div> \t\t\t\t<\/div> \t\t<div class=\"elementor-element elementor-element-3ee47d3 e-flex e-con-boxed e-con e-parent\" data-id=\"3ee47d3\" data-element_type=\"container\" data-e-type=\"container\" data-settings=\"{&quot;background_background&quot;:&quot;classic&quot;}\"> \t\t\t\t\t<div class=\"e-con-inner\"> \t\t\t\t<div class=\"elementor-element elementor-element-9ce520e elementor-widget elementor-widget-html\" data-id=\"9ce520e\" data-element_type=\"widget\" data-e-type=\"widget\" data-widget_type=\"html.default\"> \t\t\t\t\t<p style=\"color:#FFFFFF;\" class=\"translation-block\"><strong>     Calidad primero y cliente primero<\/strong><br \/>     La cooperaci\u00f3n es mucho mayor que el negocio en s\u00ed mismo <\/p>\t\t\t\t<\/div> \t\t\t\t<div class=\"elementor-element elementor-element-7deb55a elementor-align-center elementor-widget elementor-widget-button\" data-id=\"7deb55a\" data-element_type=\"widget\" data-e-type=\"widget\" data-widget_type=\"button.default\"> \t\t\t\t\t\t\t\t\t\t<a class=\"elementor-button elementor-button-link elementor-size-md\" href=\"http:\/\/contact-us\/\"> \t\t\t\t\t\t<span class=\"elementor-button-content-wrapper\"> \t\t\t\t\t\t\t\t\t<span class=\"elementor-button-text\">P\u00f3ngase en contacto con nosotros hoy<\/span> \t\t\t\t\t<\/span> \t\t\t\t\t<\/a> \t\t\t\t\t\t\t\t<\/div> \t\t\t\t\t<\/div> \t\t\t\t<\/div> \t\t\t\t<\/div>","protected":false},"excerpt":{"rendered":"<p>Services our services Based on the principle of quality-oriented, good reputation and customer first, we hold a faith to create high-quality products among the relevant industries and make great performance for ages. Therefore, we are very concerned about the cooperation with each customer, and also cherish every communication with customers. We have many years of [&hellip;]<\/p>\n","protected":false},"author":1,"featured_media":0,"parent":0,"menu_order":0,"comment_status":"closed","ping_status":"closed","template":"","meta":{"footnotes":""},"class_list":["post-72","page","type-page","status-publish","hentry"],"_links":{"self":[{"href":"https:\/\/woodmachine.org\/es\/wp-json\/wp\/v2\/pages\/72","targetHints":{"allow":["GET"]}}],"collection":[{"href":"https:\/\/woodmachine.org\/es\/wp-json\/wp\/v2\/pages"}],"about":[{"href":"https:\/\/woodmachine.org\/es\/wp-json\/wp\/v2\/types\/page"}],"author":[{"embeddable":true,"href":"https:\/\/woodmachine.org\/es\/wp-json\/wp\/v2\/users\/1"}],"replies":[{"embeddable":true,"href":"https:\/\/woodmachine.org\/es\/wp-json\/wp\/v2\/comments?post=72"}],"version-history":[{"count":0,"href":"https:\/\/woodmachine.org\/es\/wp-json\/wp\/v2\/pages\/72\/revisions"}],"wp:attachment":[{"href":"https:\/\/woodmachine.org\/es\/wp-json\/wp\/v2\/media?parent=72"}],"curies":[{"name":"wp","href":"https:\/\/api.w.org\/{rel}","templated":true}]}}