{"id":72,"date":"2017-07-12T05:54:00","date_gmt":"2017-07-12T05:54:00","guid":{"rendered":"https:\/\/woodmachine.org\/services\/"},"modified":"2024-05-15T11:50:24","modified_gmt":"2024-05-15T03:50:24","slug":"services","status":"publish","type":"page","link":"https:\/\/woodmachine.org\/fr\/services\/","title":{"rendered":"Services"},"content":{"rendered":"<div data-elementor-type=\"wp-post\" data-elementor-id=\"72\" class=\"elementor elementor-72\" data-elementor-post-type=\"page\"> \t\t\t\t<div class=\"elementor-element elementor-element-909c838 e-flex e-con-boxed e-con e-parent\" data-id=\"909c838\" data-element_type=\"container\" data-e-type=\"container\" data-settings=\"{&quot;background_background&quot;:&quot;classic&quot;}\"> \t\t\t\t\t<div class=\"e-con-inner\"> \t\t\t\t<div class=\"elementor-element elementor-element-2499def elementor-widget elementor-widget-heading\" data-id=\"2499def\" data-element_type=\"widget\" data-e-type=\"widget\" data-widget_type=\"heading.default\"> \t\t\t\t\t<h1 class=\"elementor-heading-title elementor-size-default\">Services<\/h1>\t\t\t\t<\/div> \t\t\t\t\t<\/div> \t\t\t\t<\/div> \t\t<div class=\"elementor-element elementor-element-402bc30 e-flex e-con-boxed e-con e-parent\" data-id=\"402bc30\" data-element_type=\"container\" data-e-type=\"container\"> \t\t\t\t\t<div class=\"e-con-inner\"> \t\t<div class=\"elementor-element elementor-element-c017a28 e-con-full e-flex e-con e-child\" data-id=\"c017a28\" data-element_type=\"container\" data-e-type=\"container\"> \t\t\t\t<div class=\"elementor-element elementor-element-1e3ba53 elementor-widget__width-inherit elementor-widget elementor-widget-heading\" data-id=\"1e3ba53\" data-element_type=\"widget\" data-e-type=\"widget\" data-widget_type=\"heading.default\"> \t\t\t\t\t<h2 class=\"elementor-heading-title elementor-size-default\">nos services<\/h2>\t\t\t\t<\/div> \t\t\t\t<div class=\"elementor-element elementor-element-eca3d63 elementor-widget__width-inherit elementor-widget elementor-widget-text-editor\" data-id=\"eca3d63\" data-element_type=\"widget\" data-e-type=\"widget\" data-widget_type=\"text-editor.default\"> \t\t\t\t\t\t\t\t\t<p>Bas\u00e9 sur le principe de la qualit\u00e9, de la bonne r\u00e9putation et du client d'abord, nous croyons en la cr\u00e9ation de produits de haute qualit\u00e9 dans les industries concern\u00e9es et en la r\u00e9alisation de grandes performances pour les g\u00e9n\u00e9rations. Par cons\u00e9quent, nous attachons une grande importance \u00e0 la coop\u00e9ration avec chaque client, et nous ch\u00e9rissons \u00e9galement chaque communication avec les clients. Nous avons de nombreuses ann\u00e9es d'exp\u00e9rience dans la gestion des liens avant-vente, vente et apr\u00e8s-vente, afin de fournir un bon service client.<\/p>\t\t\t\t\t\t\t\t<\/div> \t\t\t\t<div class=\"elementor-element elementor-element-e81b067 elementor-widget__width-initial elementor-widget elementor-widget-icon-box\" data-id=\"e81b067\" data-element_type=\"widget\" data-e-type=\"widget\" data-widget_type=\"icon-box.default\"> \t\t\t\t\t\t\t<div class=\"elementor-icon-box-wrapper\">  \t\t\t \t\t\t\t\t\t<div class=\"elementor-icon-box-content\">  \t\t\t\t\t\t\t\t\t<h5 class=\"elementor-icon-box-title\"> \t\t\t\t\t\t<span  > \t\t\t\t\t\t\tPlanification m\u00e9ticuleuse\t\t\t\t\t\t<\/span> \t\t\t\t\t<\/h5> \t\t\t\t \t\t\t\t\t\t\t\t\t<p class=\"elementor-icon-box-description\"> \t\t\t\t\t\tAider \u00e0 choisir l'\u00e9quipement appropri\u00e9 en fonction des exigences des clients ou personnaliser les machines pour r\u00e9pondre aux besoins du client.\t\t\t\t\t<\/p> \t\t\t\t \t\t\t<\/div> \t\t\t \t\t<\/div> \t\t\t\t\t\t<\/div> \t\t\t\t<div class=\"elementor-element elementor-element-a8a5780 elementor-widget__width-initial elementor-widget elementor-widget-icon-box\" data-id=\"a8a5780\" data-element_type=\"widget\" data-e-type=\"widget\" data-widget_type=\"icon-box.default\"> \t\t\t\t\t\t\t<div class=\"elementor-icon-box-wrapper\">  \t\t\t \t\t\t\t\t\t<div class=\"elementor-icon-box-content\">  \t\t\t\t\t\t\t\t\t<h5 class=\"elementor-icon-box-title\"> \t\t\t\t\t\t<span  > \t\t\t\t\t\t\tExp\u00e9dition en temps voulu &amp; guide d'utilisation\t\t\t\t\t\t<\/span> \t\t\t\t\t<\/h5> \t\t\t\t \t\t\t\t\t\t\t\t\t<p class=\"elementor-icon-box-description\"> \t\t\t\t\t\t Exp\u00e9diez le client d\u00e8s que possible, et fournissez le guide d'installation et d'exploitation de la machine correspondant pour aider le processus de production du client.\t\t\t\t\t<\/p> \t\t\t\t \t\t\t<\/div> \t\t\t \t\t<\/div> \t\t\t\t\t\t<\/div> \t\t\t\t<div class=\"elementor-element elementor-element-95eee24 elementor-widget__width-initial elementor-widget elementor-widget-icon-box\" data-id=\"95eee24\" data-element_type=\"widget\" data-e-type=\"widget\" data-widget_type=\"icon-box.default\"> \t\t\t\t\t\t\t<div class=\"elementor-icon-box-wrapper\">  \t\t\t \t\t\t\t\t\t<div class=\"elementor-icon-box-content\">  \t\t\t\t\t\t\t\t\t<h5 class=\"elementor-icon-box-title\"> \t\t\t\t\t\t<span  > \t\t\t\t\t\t\tEx\u00e9cution parfaite\t\t\t\t\t\t<\/span> \t\t\t\t\t<\/h5> \t\t\t\t \t\t\t\t\t\t\t\t\t<p class=\"elementor-icon-box-description\"> \t\t\t\t\t\tOrganiser les visites des clients, r\u00e9server les h\u00f4tels et assurer les transferts. Fournir aux clients des retours et des informations d\u00e9taill\u00e9es en temps voulu.\t\t\t\t\t<\/p> \t\t\t\t \t\t\t<\/div> \t\t\t \t\t<\/div> \t\t\t\t\t\t<\/div> \t\t\t\t<div class=\"elementor-element elementor-element-03a7451 elementor-widget__width-initial elementor-widget elementor-widget-icon-box\" data-id=\"03a7451\" data-element_type=\"widget\" data-e-type=\"widget\" data-widget_type=\"icon-box.default\"> \t\t\t\t\t\t\t<div class=\"elementor-icon-box-wrapper\">  \t\t\t \t\t\t\t\t\t<div class=\"elementor-icon-box-content\">  \t\t\t\t\t\t\t\t\t<h5 class=\"elementor-icon-box-title\"> \t\t\t\t\t\t<span  > \t\t\t\t\t\t\tPrix abordables\t\t\t\t\t\t<\/span> \t\t\t\t\t<\/h5> \t\t\t\t \t\t\t\t\t\t\t\t\t<p class=\"elementor-icon-box-description\"> \t\t\t\t\t\t Citer strictement les clients selon les prix du march\u00e9 pour garantir que les clients re\u00e7oivent des produits avec un retour sur investissement relativement \u00e9lev\u00e9, afin que les clients en b\u00e9n\u00e9ficient r\u00e9ellement.\t\t\t\t\t<\/p> \t\t\t\t \t\t\t<\/div> \t\t\t \t\t<\/div> \t\t\t\t\t\t<\/div> \t\t\t\t<\/div> \t\t<div class=\"elementor-element elementor-element-72903bc e-con-full e-flex e-con e-child\" data-id=\"72903bc\" data-element_type=\"container\" data-e-type=\"container\"> \t\t\t\t<div class=\"elementor-element elementor-element-e72a812 elementor-widget elementor-widget-image\" data-id=\"e72a812\" data-element_type=\"widget\" data-e-type=\"widget\" data-widget_type=\"image.default\"> \t\t\t\t\t\t\t\t\t\t\t\t\t\t\t<img fetchpriority=\"high\" decoding=\"async\" width=\"720\" height=\"480\" src=\"https:\/\/woodmachine.org\/wp-content\/uploads\/2020\/04\/customers-visiting-of-Shuliy-factory.jpg\" class=\"attachment-large size-large wp-image-1447\" alt=\"Visite des clients \u00e0 l&#039;usine Shuliy\" srcset=\"https:\/\/woodmachine.org\/wp-content\/uploads\/2020\/04\/customers-visiting-of-Shuliy-factory.jpg 720w, https:\/\/woodmachine.org\/wp-content\/uploads\/2020\/04\/customers-visiting-of-Shuliy-factory-300x200.jpg 300w\" sizes=\"(max-width: 720px) 100vw, 720px\" \/>\t\t\t\t\t\t\t\t\t\t\t\t\t\t\t<\/div> \t\t\t\t<\/div> \t\t\t\t\t<\/div> \t\t\t\t<\/div> \t\t<div class=\"elementor-element elementor-element-3ee47d3 e-flex e-con-boxed e-con e-parent\" data-id=\"3ee47d3\" data-element_type=\"container\" data-e-type=\"container\" data-settings=\"{&quot;background_background&quot;:&quot;classic&quot;}\"> \t\t\t\t\t<div class=\"e-con-inner\"> \t\t\t\t<div class=\"elementor-element elementor-element-9ce520e elementor-widget elementor-widget-html\" data-id=\"9ce520e\" data-element_type=\"widget\" data-e-type=\"widget\" data-widget_type=\"html.default\"> \t\t\t\t\t<p style=\"color:#FFFFFF;\" class=\"translation-block\"><strong>La qualit\u00e9 d'abord &amp; le client d'abord<\/strong><br>     La coop\u00e9ration est bien plus grande que le simple commerce <\/p>\t\t\t\t<\/div> \t\t\t\t<div class=\"elementor-element elementor-element-7deb55a elementor-align-center elementor-widget elementor-widget-button\" data-id=\"7deb55a\" data-element_type=\"widget\" data-e-type=\"widget\" data-widget_type=\"button.default\"> \t\t\t\t\t\t\t\t\t\t<a class=\"elementor-button elementor-button-link elementor-size-md\" href=\"http:\/\/contact-us\/\"> \t\t\t\t\t\t<span class=\"elementor-button-content-wrapper\"> \t\t\t\t\t\t\t\t\t<span class=\"elementor-button-text\">Contactez-nous aujourd'hui<\/span> \t\t\t\t\t<\/span> \t\t\t\t\t<\/a> \t\t\t\t\t\t\t\t<\/div> \t\t\t\t\t<\/div> \t\t\t\t<\/div> \t\t\t\t<\/div>","protected":false},"excerpt":{"rendered":"<p>Services our services Based on the principle of quality-oriented, good reputation and customer first, we hold a faith to create high-quality products among the relevant industries and make great performance for ages. Therefore, we are very concerned about the cooperation with each customer, and also cherish every communication with customers. We have many years of [&hellip;]<\/p>\n","protected":false},"author":1,"featured_media":0,"parent":0,"menu_order":0,"comment_status":"closed","ping_status":"closed","template":"","meta":{"footnotes":""},"class_list":["post-72","page","type-page","status-publish","hentry"],"_links":{"self":[{"href":"https:\/\/woodmachine.org\/fr\/wp-json\/wp\/v2\/pages\/72","targetHints":{"allow":["GET"]}}],"collection":[{"href":"https:\/\/woodmachine.org\/fr\/wp-json\/wp\/v2\/pages"}],"about":[{"href":"https:\/\/woodmachine.org\/fr\/wp-json\/wp\/v2\/types\/page"}],"author":[{"embeddable":true,"href":"https:\/\/woodmachine.org\/fr\/wp-json\/wp\/v2\/users\/1"}],"replies":[{"embeddable":true,"href":"https:\/\/woodmachine.org\/fr\/wp-json\/wp\/v2\/comments?post=72"}],"version-history":[{"count":0,"href":"https:\/\/woodmachine.org\/fr\/wp-json\/wp\/v2\/pages\/72\/revisions"}],"wp:attachment":[{"href":"https:\/\/woodmachine.org\/fr\/wp-json\/wp\/v2\/media?parent=72"}],"curies":[{"name":"wp","href":"https:\/\/api.w.org\/{rel}","templated":true}]}}