{"id":71,"date":"2017-07-12T05:53:59","date_gmt":"2017-07-12T05:53:59","guid":{"rendered":"https:\/\/woodmachine.org\/about\/"},"modified":"2024-05-15T12:01:44","modified_gmt":"2024-05-15T04:01:44","slug":"about","status":"publish","type":"page","link":"https:\/\/woodmachine.org\/pt\/about\/","title":{"rendered":"Sobre"},"content":{"rendered":"<div data-elementor-type=\"wp-post\" data-elementor-id=\"71\" class=\"elementor elementor-71\" data-elementor-post-type=\"page\"> \t\t\t\t<div class=\"elementor-element elementor-element-08033ef e-flex e-con-boxed e-con e-parent\" data-id=\"08033ef\" data-element_type=\"container\" data-e-type=\"container\" data-settings=\"{&quot;background_background&quot;:&quot;classic&quot;}\"> \t\t\t\t\t<div class=\"e-con-inner\"> \t\t\t\t<div class=\"elementor-element elementor-element-dc49fec elementor-widget elementor-widget-heading\" data-id=\"dc49fec\" data-element_type=\"widget\" data-e-type=\"widget\" data-widget_type=\"heading.default\"> \t\t\t\t\t<h1 class=\"elementor-heading-title elementor-size-default\">Sobre n\u00f3s<\/h1>\t\t\t\t<\/div> \t\t\t\t\t<\/div> \t\t\t\t<\/div> \t\t<div class=\"elementor-element elementor-element-3b0acb4 e-flex e-con-boxed e-con e-parent\" data-id=\"3b0acb4\" data-element_type=\"container\" data-e-type=\"container\"> \t\t\t\t\t<div class=\"e-con-inner\"> \t\t<div class=\"elementor-element elementor-element-664d2e3 e-con-full e-flex e-con e-child\" data-id=\"664d2e3\" data-element_type=\"container\" data-e-type=\"container\"> \t\t\t\t<div class=\"elementor-element elementor-element-359bfed elementor-widget__width-inherit elementor-widget elementor-widget-heading\" data-id=\"359bfed\" data-element_type=\"widget\" data-e-type=\"widget\" data-widget_type=\"heading.default\"> \t\t\t\t\t<h2 class=\"elementor-heading-title elementor-size-default\">Por que Shuliy Excel\u00eancia<\/h2>\t\t\t\t<\/div> \t\t\t\t<div class=\"elementor-element elementor-element-44f63a2 elementor-widget__width-inherit elementor-widget elementor-widget-text-editor\" data-id=\"44f63a2\" data-element_type=\"widget\" data-e-type=\"widget\" data-widget_type=\"text-editor.default\"> \t\t\t\t\t\t\t\t\t<p>Shuliy Machinery sempre acredita firmemente que a tecnologia \u00e9 uma for\u00e7a produtiva prim\u00e1ria. Guiados por este conceito, investimos muito na contrata\u00e7\u00e3o de muitos especialistas mec\u00e2nicos de destaque como nossos consultores, por isso temos uma excelente capacidade de pesquisar e desenvolver novos produtos e melhorar a qualidade das nossas m\u00e1quinas tradicionais. Gra\u00e7as \u00e0 for\u00e7a de trabalho bem treinada, ao rigoroso sistema de garantia de qualidade, \u00e0 gest\u00e3o otimizada de todo o processo de produ\u00e7\u00e3o e aos sistemas de servi\u00e7o p\u00f3s-venda perfeitos, nossos produtos e servi\u00e7os s\u00e3o altamente elogiados por clientes nacionais e estrangeiros. Estamos muito dedicados a fornecer produtos de qualidade premium e servi\u00e7os satisfat\u00f3rios a todos os clientes e esperamos uma coopera\u00e7\u00e3o sincera com eles para obter ganhos m\u00fatuos.<\/p>\t\t\t\t\t\t\t\t<\/div> \t\t\t\t<div class=\"elementor-element elementor-element-2ff2903 elementor-align-start elementor-mobile-align-start elementor-widget__width-initial elementor-icon-list--layout-traditional elementor-list-item-link-full_width elementor-widget elementor-widget-icon-list\" data-id=\"2ff2903\" data-element_type=\"widget\" data-e-type=\"widget\" data-widget_type=\"icon-list.default\"> \t\t\t\t\t\t\t<ul class=\"elementor-icon-list-items\"> \t\t\t\t\t\t\t<li class=\"elementor-icon-list-item\"> \t\t\t\t\t\t\t\t\t\t\t<span class=\"elementor-icon-list-icon\"> \t\t\t\t\t\t\t<svg aria-hidden=\"true\" class=\"e-font-icon-svg e-far-arrow-alt-circle-right\" viewbox=\"0 0 512 512\" xmlns=\"http:\/\/www.w3.org\/2000\/svg\"><path d=\"M504 256C504 119 393 8 256 8S8 119 8 256s111 248 248 248 248-111 248-248zm-448 0c0-110.5 89.5-200 200-200s200 89.5 200 200-89.5 200-200 200S56 366.5 56 256zm72 20v-40c0-6.6 5.4-12 12-12h116v-67c0-10.7 12.9-16 20.5-8.5l99 99c4.7 4.7 4.7 12.3 0 17l-99 99c-7.6 7.6-20.5 2.2-20.5-8.5v-67H140c-6.6 0-12-5.4-12-12z\"><\/path><\/svg>\t\t\t\t\t\t<\/span> \t\t\t\t\t\t\t\t\t\t<span class=\"elementor-icon-list-text\">Especialista Profissional<\/span> \t\t\t\t\t\t\t\t\t<\/li> \t\t\t\t\t\t\t\t<li class=\"elementor-icon-list-item\"> \t\t\t\t\t\t\t\t\t\t\t<span class=\"elementor-icon-list-icon\"> \t\t\t\t\t\t\t<svg aria-hidden=\"true\" class=\"e-font-icon-svg e-far-arrow-alt-circle-right\" viewbox=\"0 0 512 512\" xmlns=\"http:\/\/www.w3.org\/2000\/svg\"><path d=\"M504 256C504 119 393 8 256 8S8 119 8 256s111 248 248 248 248-111 248-248zm-448 0c0-110.5 89.5-200 200-200s200 89.5 200 200-89.5 200-200 200S56 366.5 56 256zm72 20v-40c0-6.6 5.4-12 12-12h116v-67c0-10.7 12.9-16 20.5-8.5l99 99c4.7 4.7 4.7 12.3 0 17l-99 99c-7.6 7.6-20.5 2.2-20.5-8.5v-67H140c-6.6 0-12-5.4-12-12z\"><\/path><\/svg>\t\t\t\t\t\t<\/span> \t\t\t\t\t\t\t\t\t\t<span class=\"elementor-icon-list-text\">Solu\u00e7\u00f5es eficientes<\/span> \t\t\t\t\t\t\t\t\t<\/li> \t\t\t\t\t\t<\/ul> \t\t\t\t\t\t<\/div> \t\t\t\t<div class=\"elementor-element elementor-element-4d3680a elementor-align-start elementor-mobile-align-start elementor-widget__width-initial elementor-icon-list--layout-traditional elementor-list-item-link-full_width elementor-widget elementor-widget-icon-list\" data-id=\"4d3680a\" data-element_type=\"widget\" data-e-type=\"widget\" data-widget_type=\"icon-list.default\"> \t\t\t\t\t\t\t<ul class=\"elementor-icon-list-items\"> \t\t\t\t\t\t\t<li class=\"elementor-icon-list-item\"> \t\t\t\t\t\t\t\t\t\t\t<span class=\"elementor-icon-list-icon\"> \t\t\t\t\t\t\t<svg aria-hidden=\"true\" class=\"e-font-icon-svg e-far-arrow-alt-circle-right\" viewbox=\"0 0 512 512\" xmlns=\"http:\/\/www.w3.org\/2000\/svg\"><path d=\"M504 256C504 119 393 8 256 8S8 119 8 256s111 248 248 248 248-111 248-248zm-448 0c0-110.5 89.5-200 200-200s200 89.5 200 200-89.5 200-200 200S56 366.5 56 256zm72 20v-40c0-6.6 5.4-12 12-12h116v-67c0-10.7 12.9-16 20.5-8.5l99 99c4.7 4.7 4.7 12.3 0 17l-99 99c-7.6 7.6-20.5 2.2-20.5-8.5v-67H140c-6.6 0-12-5.4-12-12z\"><\/path><\/svg>\t\t\t\t\t\t<\/span> \t\t\t\t\t\t\t\t\t\t<span class=\"elementor-icon-list-text\">Pre\u00e7os preferenciais<\/span> \t\t\t\t\t\t\t\t\t<\/li> \t\t\t\t\t\t\t\t<li class=\"elementor-icon-list-item\"> \t\t\t\t\t\t\t\t\t\t\t<span class=\"elementor-icon-list-icon\"> \t\t\t\t\t\t\t<svg aria-hidden=\"true\" class=\"e-font-icon-svg e-far-arrow-alt-circle-right\" viewbox=\"0 0 512 512\" xmlns=\"http:\/\/www.w3.org\/2000\/svg\"><path d=\"M504 256C504 119 393 8 256 8S8 119 8 256s111 248 248 248 248-111 248-248zm-448 0c0-110.5 89.5-200 200-200s200 89.5 200 200-89.5 200-200 200S56 366.5 56 256zm72 20v-40c0-6.6 5.4-12 12-12h116v-67c0-10.7 12.9-16 20.5-8.5l99 99c4.7 4.7 4.7 12.3 0 17l-99 99c-7.6 7.6-20.5 2.2-20.5-8.5v-67H140c-6.6 0-12-5.4-12-12z\"><\/path><\/svg>\t\t\t\t\t\t<\/span> \t\t\t\t\t\t\t\t\t\t<span class=\"elementor-icon-list-text\">Assist\u00eancia 24 horas por dia, 7 dias por semana<\/span> \t\t\t\t\t\t\t\t\t<\/li> \t\t\t\t\t\t<\/ul> \t\t\t\t\t\t<\/div> \t\t\t\t<\/div> \t\t<div class=\"elementor-element elementor-element-a1828fc e-con-full e-flex e-con e-child\" data-id=\"a1828fc\" data-element_type=\"container\" data-e-type=\"container\"> \t\t\t\t<div class=\"elementor-element elementor-element-f91c280 elementor-widget elementor-widget-image\" data-id=\"f91c280\" data-element_type=\"widget\" data-e-type=\"widget\" data-widget_type=\"image.default\"> \t\t\t\t\t\t\t\t\t\t\t\t\t\t\t<img fetchpriority=\"high\" decoding=\"async\" width=\"660\" height=\"615\" src=\"https:\/\/woodmachine.org\/wp-content\/uploads\/2020\/04\/Shuliy-Machinery-Group.jpg\" class=\"attachment-full size-full wp-image-1444\" alt=\"Grupo de m\u00e1quinas Shuliy\" srcset=\"https:\/\/woodmachine.org\/wp-content\/uploads\/2020\/04\/Shuliy-Machinery-Group.jpg 660w, https:\/\/woodmachine.org\/wp-content\/uploads\/2020\/04\/Shuliy-Machinery-Group-300x280.jpg 300w\" sizes=\"(max-width: 660px) 100vw, 660px\" \/>\t\t\t\t\t\t\t\t\t\t\t\t\t\t\t<\/div> \t\t\t\t<\/div> \t\t\t\t\t<\/div> \t\t\t\t<\/div> \t\t<div class=\"elementor-element elementor-element-3c7c398 e-flex e-con-boxed e-con e-parent\" data-id=\"3c7c398\" data-element_type=\"container\" data-e-type=\"container\" data-settings=\"{&quot;background_background&quot;:&quot;classic&quot;}\"> \t\t\t\t\t<div class=\"e-con-inner\"> \t\t\t\t<div class=\"elementor-element elementor-element-69490ee elementor-widget elementor-widget-heading\" data-id=\"69490ee\" data-element_type=\"widget\" data-e-type=\"widget\" data-widget_type=\"heading.default\"> \t\t\t\t\t<h2 class=\"elementor-heading-title elementor-size-default\">O que oferecemos<\/h2>\t\t\t\t<\/div> \t\t\t\t<div class=\"elementor-element elementor-element-386ee6e elementor-widget elementor-widget-text-editor\" data-id=\"386ee6e\" data-element_type=\"widget\" data-e-type=\"widget\" data-widget_type=\"text-editor.default\"> \t\t\t\t\t\t\t\t\t<p>Como fabricante profissional de m\u00e1quinas e fornecedor global, n\u00e3o apenas fornecemos m\u00e1quinas de processamento de madeira de alta qualidade, mas tamb\u00e9m ajudamos os clientes em todos os aspectos, fornecendo solu\u00e7\u00f5es de produ\u00e7\u00e3o, an\u00e1lise de lucros e servi\u00e7o p\u00f3s-venda.<\/p>\t\t\t\t\t\t\t\t<\/div> \t\t\t\t\t<\/div> \t\t\t\t<\/div> \t\t<div class=\"elementor-element elementor-element-b328ba4 e-flex e-con-boxed e-con e-parent\" data-id=\"b328ba4\" data-element_type=\"container\" data-e-type=\"container\" data-settings=\"{&quot;background_background&quot;:&quot;classic&quot;}\"> \t\t\t\t\t<div class=\"e-con-inner\"> \t\t\t\t<div class=\"elementor-element elementor-element-56930a7 elementor-view-default elementor-position-block-start elementor-mobile-position-block-start elementor-widget elementor-widget-icon-box\" data-id=\"56930a7\" data-element_type=\"widget\" data-e-type=\"widget\" data-widget_type=\"icon-box.default\"> \t\t\t\t\t\t\t<div class=\"elementor-icon-box-wrapper\">  \t\t\t\t\t\t<div class=\"elementor-icon-box-icon\"> \t\t\t\t<span  class=\"elementor-icon\"> \t\t\t\t<svg aria-hidden=\"true\" class=\"e-font-icon-svg e-far-comments\" viewbox=\"0 0 576 512\" xmlns=\"http:\/\/www.w3.org\/2000\/svg\"><path d=\"M532 386.2c27.5-27.1 44-61.1 44-98.2 0-80-76.5-146.1-176.2-157.9C368.3 72.5 294.3 32 208 32 93.1 32 0 103.6 0 192c0 37 16.5 71 44 98.2-15.3 30.7-37.3 54.5-37.7 54.9-6.3 6.7-8.1 16.5-4.4 25 3.6 8.5 12 14 21.2 14 53.5 0 96.7-20.2 125.2-38.8 9.2 2.1 18.7 3.7 28.4 4.9C208.1 407.6 281.8 448 368 448c20.8 0 40.8-2.4 59.8-6.8C456.3 459.7 499.4 480 553 480c9.2 0 17.5-5.5 21.2-14 3.6-8.5 1.9-18.3-4.4-25-.4-.3-22.5-24.1-37.8-54.8zm-392.8-92.3L122.1 305c-14.1 9.1-28.5 16.3-43.1 21.4 2.7-4.7 5.4-9.7 8-14.8l15.5-31.1L77.7 256C64.2 242.6 48 220.7 48 192c0-60.7 73.3-112 160-112s160 51.3 160 112-73.3 112-160 112c-16.5 0-33-1.9-49-5.6l-19.8-4.5zM498.3 352l-24.7 24.4 15.5 31.1c2.6 5.1 5.3 10.1 8 14.8-14.6-5.1-29-12.3-43.1-21.4l-17.1-11.1-19.9 4.6c-16 3.7-32.5 5.6-49 5.6-54 0-102.2-20.1-131.3-49.7C338 339.5 416 272.9 416 192c0-3.4-.4-6.7-.7-10C479.7 196.5 528 238.8 528 288c0 28.7-16.2 50.6-29.7 64z\"><\/path><\/svg>\t\t\t\t<\/span> \t\t\t<\/div> \t\t\t \t\t\t\t\t\t<div class=\"elementor-icon-box-content\">  \t\t\t\t\t\t\t\t\t<h3 class=\"elementor-icon-box-title\"> \t\t\t\t\t\t<span  > \t\t\t\t\t\t\tPara conhecer os requisitos do cliente com precis\u00e3o\t\t\t\t\t\t<\/span> \t\t\t\t\t<\/h3> \t\t\t\t \t\t\t\t\t\t\t\t\t<p class=\"elementor-icon-box-description\"> \t\t\t\t\t\tNossa equipe profissional de atendimento ao cliente e consultor de vendas pode responder perguntas oportunas on-line e entender as necessidades do cliente com rapidez e precis\u00e3o.\t\t\t\t\t<\/p> \t\t\t\t \t\t\t<\/div> \t\t\t \t\t<\/div> \t\t\t\t\t\t<\/div> \t\t\t\t<div class=\"elementor-element elementor-element-09af43a elementor-view-default elementor-position-block-start elementor-mobile-position-block-start elementor-widget elementor-widget-icon-box\" data-id=\"09af43a\" data-element_type=\"widget\" data-e-type=\"widget\" data-widget_type=\"icon-box.default\"> \t\t\t\t\t\t\t<div class=\"elementor-icon-box-wrapper\">  \t\t\t\t\t\t<div class=\"elementor-icon-box-icon\"> \t\t\t\t<span  class=\"elementor-icon\"> \t\t\t\t<svg aria-hidden=\"true\" class=\"e-font-icon-svg e-fas-tools\" viewbox=\"0 0 512 512\" xmlns=\"http:\/\/www.w3.org\/2000\/svg\"><path d=\"M501.1 395.7L384 278.6c-23.1-23.1-57.6-27.6-85.4-13.9L192 158.1V96L64 0 0 64l96 128h62.1l106.6 106.6c-13.6 27.8-9.2 62.3 13.9 85.4l117.1 117.1c14.6 14.6 38.2 14.6 52.7 0l52.7-52.7c14.5-14.6 14.5-38.2 0-52.7zM331.7 225c28.3 0 54.9 11 74.9 31l19.4 19.4c15.8-6.9 30.8-16.5 43.8-29.5 37.1-37.1 49.7-89.3 37.9-136.7-2.2-9-13.5-12.1-20.1-5.5l-74.4 74.4-67.9-11.3L334 98.9l74.4-74.4c6.6-6.6 3.4-17.9-5.7-20.2-47.4-11.7-99.6.9-136.6 37.9-28.5 28.5-41.9 66.1-41.2 103.6l82.1 82.1c8.1-1.9 16.5-2.9 24.7-2.9zm-103.9 82l-56.7-56.7L18.7 402.8c-25 25-25 65.5 0 90.5s65.5 25 90.5 0l123.6-123.6c-7.6-19.9-9.9-41.6-5-62.7zM64 472c-13.2 0-24-10.8-24-24 0-13.3 10.7-24 24-24s24 10.7 24 24c0 13.2-10.7 24-24 24z\"><\/path><\/svg>\t\t\t\t<\/span> \t\t\t<\/div> \t\t\t \t\t\t\t\t\t<div class=\"elementor-icon-box-content\">  \t\t\t\t\t\t\t\t\t<h3 class=\"elementor-icon-box-title\"> \t\t\t\t\t\t<span  > \t\t\t\t\t\t\tPreocupe-se com cada detalhe do processo de fabrica\u00e7\u00e3o\t\t\t\t\t\t<\/span> \t\t\t\t\t<\/h3> \t\t\t\t \t\t\t\t\t\t\t\t\t<p class=\"elementor-icon-box-description\"> \t\t\t\t\t\tNossos engenheiros e operadores altamente qualificados s\u00e3o respons\u00e1veis \u200b\u200bpor cada detalhe do processo de fabrica\u00e7\u00e3o. Atender rigorosamente \u00e0s necessidades do cliente, fornecer equipamentos com par\u00e2metros precisos, alta qualidade e opera\u00e7\u00e3o suave.\t\t\t\t\t<\/p> \t\t\t\t \t\t\t<\/div> \t\t\t \t\t<\/div> \t\t\t\t\t\t<\/div> \t\t\t\t<div class=\"elementor-element elementor-element-e286fbc elementor-view-default elementor-position-block-start elementor-mobile-position-block-start elementor-widget elementor-widget-icon-box\" data-id=\"e286fbc\" data-element_type=\"widget\" data-e-type=\"widget\" data-widget_type=\"icon-box.default\"> \t\t\t\t\t\t\t<div class=\"elementor-icon-box-wrapper\">  \t\t\t\t\t\t<div class=\"elementor-icon-box-icon\"> \t\t\t\t<span  class=\"elementor-icon\"> \t\t\t\t<svg aria-hidden=\"true\" class=\"e-font-icon-svg e-far-clock\" viewbox=\"0 0 512 512\" xmlns=\"http:\/\/www.w3.org\/2000\/svg\"><path d=\"M256 8C119 8 8 119 8 256s111 248 248 248 248-111 248-248S393 8 256 8zm0 448c-110.5 0-200-89.5-200-200S145.5 56 256 56s200 89.5 200 200-89.5 200-200 200zm61.8-104.4l-84.9-61.7c-3.1-2.3-4.9-5.9-4.9-9.7V116c0-6.6 5.4-12 12-12h32c6.6 0 12 5.4 12 12v141.7l66.8 48.6c5.4 3.9 6.5 11.4 2.6 16.8L334.6 349c-3.9 5.3-11.4 6.5-16.8 2.6z\"><\/path><\/svg>\t\t\t\t<\/span> \t\t\t<\/div> \t\t\t \t\t\t\t\t\t<div class=\"elementor-icon-box-content\">  \t\t\t\t\t\t\t\t\t<h3 class=\"elementor-icon-box-title\"> \t\t\t\t\t\t<span  > \t\t\t\t\t\t\tGarantir entrega e instala\u00e7\u00e3o oportunas\t\t\t\t\t\t<\/span> \t\t\t\t\t<\/h3> \t\t\t\t \t\t\t\t\t\t\t\t\t<p class=\"elementor-icon-box-description\"> \t\t\t\t\t\tOrganizaremos as remessas para os clientes em estrita conformidade com o prazo de entrega, forneceremos informa\u00e7\u00f5es log\u00edsticas aos clientes a qualquer momento e faremos o rastreamento do cliente ap\u00f3s a venda.\t\t\t\t\t<\/p> \t\t\t\t \t\t\t<\/div> \t\t\t \t\t<\/div> \t\t\t\t\t\t<\/div> \t\t\t\t\t<\/div> \t\t\t\t<\/div> \t\t<div class=\"elementor-element elementor-element-33f1f01 e-flex e-con-boxed e-con e-parent\" data-id=\"33f1f01\" data-element_type=\"container\" data-e-type=\"container\" data-settings=\"{&quot;background_background&quot;:&quot;classic&quot;}\"> \t\t\t\t\t<div class=\"e-con-inner\"> \t\t\t\t<div class=\"elementor-element elementor-element-ab283e9 elementor-widget elementor-widget-html\" data-id=\"ab283e9\" data-element_type=\"widget\" data-e-type=\"widget\" data-widget_type=\"html.default\"> \t\t\t\t\t<p style=\"color:#ffffff;\" class=\"translation-block\"><strong>     Fornecemos o Melhor Servi\u00e7o da Ind\u00fastria<\/strong><br \/>     Adicione uma linha que diga aos utilizadores como \u00e9 f\u00e1cil entrar em contacto consigo <\/p>\t\t\t\t<\/div> \t\t\t\t<div class=\"elementor-element elementor-element-ff11f98 elementor-align-center elementor-widget elementor-widget-button\" data-id=\"ff11f98\" data-element_type=\"widget\" data-e-type=\"widget\" data-widget_type=\"button.default\"> \t\t\t\t\t\t\t\t\t\t<a class=\"elementor-button elementor-button-link elementor-size-md\" href=\"http:\/\/contact-us\/\"> \t\t\t\t\t\t<span class=\"elementor-button-content-wrapper\"> \t\t\t\t\t\t\t\t\t<span class=\"elementor-button-text\">Contate-nos hoje<\/span> \t\t\t\t\t<\/span> \t\t\t\t\t<\/a> \t\t\t\t\t\t\t\t<\/div> \t\t\t\t\t<\/div> \t\t\t\t<\/div> \t\t\t\t<\/div>","protected":false},"excerpt":{"rendered":"<p>About Us Why Shuliy Excellence Shuliy Machinery always firmly believes that technology is a primary productive force. Guided by such a concept, we have put great investment in employing many outstanding mechanical experts as our consultants, so we have an excellent ability to research and develop new products and improve the quality of our traditional [&hellip;]<\/p>\n","protected":false},"author":1,"featured_media":0,"parent":0,"menu_order":0,"comment_status":"closed","ping_status":"closed","template":"","meta":{"footnotes":""},"class_list":["post-71","page","type-page","status-publish","hentry"],"_links":{"self":[{"href":"https:\/\/woodmachine.org\/pt\/wp-json\/wp\/v2\/pages\/71","targetHints":{"allow":["GET"]}}],"collection":[{"href":"https:\/\/woodmachine.org\/pt\/wp-json\/wp\/v2\/pages"}],"about":[{"href":"https:\/\/woodmachine.org\/pt\/wp-json\/wp\/v2\/types\/page"}],"author":[{"embeddable":true,"href":"https:\/\/woodmachine.org\/pt\/wp-json\/wp\/v2\/users\/1"}],"replies":[{"embeddable":true,"href":"https:\/\/woodmachine.org\/pt\/wp-json\/wp\/v2\/comments?post=71"}],"version-history":[{"count":0,"href":"https:\/\/woodmachine.org\/pt\/wp-json\/wp\/v2\/pages\/71\/revisions"}],"wp:attachment":[{"href":"https:\/\/woodmachine.org\/pt\/wp-json\/wp\/v2\/media?parent=71"}],"curies":[{"name":"wp","href":"https:\/\/api.w.org\/{rel}","templated":true}]}}