{"id":72,"date":"2017-07-12T05:54:00","date_gmt":"2017-07-12T05:54:00","guid":{"rendered":"https:\/\/woodmachine.org\/services\/"},"modified":"2024-05-15T11:50:24","modified_gmt":"2024-05-15T03:50:24","slug":"services","status":"publish","type":"page","link":"https:\/\/woodmachine.org\/pt\/services\/","title":{"rendered":"Servi\u00e7os"},"content":{"rendered":"<div data-elementor-type=\"wp-post\" data-elementor-id=\"72\" class=\"elementor elementor-72\" data-elementor-post-type=\"page\"> \t\t\t\t<div class=\"elementor-element elementor-element-909c838 e-flex e-con-boxed e-con e-parent\" data-id=\"909c838\" data-element_type=\"container\" data-e-type=\"container\" data-settings=\"{&quot;background_background&quot;:&quot;classic&quot;}\"> \t\t\t\t\t<div class=\"e-con-inner\"> \t\t\t\t<div class=\"elementor-element elementor-element-2499def elementor-widget elementor-widget-heading\" data-id=\"2499def\" data-element_type=\"widget\" data-e-type=\"widget\" data-widget_type=\"heading.default\"> \t\t\t\t\t<h1 class=\"elementor-heading-title elementor-size-default\">Servi\u00e7os<\/h1>\t\t\t\t<\/div> \t\t\t\t\t<\/div> \t\t\t\t<\/div> \t\t<div class=\"elementor-element elementor-element-402bc30 e-flex e-con-boxed e-con e-parent\" data-id=\"402bc30\" data-element_type=\"container\" data-e-type=\"container\"> \t\t\t\t\t<div class=\"e-con-inner\"> \t\t<div class=\"elementor-element elementor-element-c017a28 e-con-full e-flex e-con e-child\" data-id=\"c017a28\" data-element_type=\"container\" data-e-type=\"container\"> \t\t\t\t<div class=\"elementor-element elementor-element-1e3ba53 elementor-widget__width-inherit elementor-widget elementor-widget-heading\" data-id=\"1e3ba53\" data-element_type=\"widget\" data-e-type=\"widget\" data-widget_type=\"heading.default\"> \t\t\t\t\t<h2 class=\"elementor-heading-title elementor-size-default\">nossos servi\u00e7os<\/h2>\t\t\t\t<\/div> \t\t\t\t<div class=\"elementor-element elementor-element-eca3d63 elementor-widget__width-inherit elementor-widget elementor-widget-text-editor\" data-id=\"eca3d63\" data-element_type=\"widget\" data-e-type=\"widget\" data-widget_type=\"text-editor.default\"> \t\t\t\t\t\t\t\t\t<p>Com base no princ\u00edpio de orienta\u00e7\u00e3o para a qualidade, boa reputa\u00e7\u00e3o e cliente em primeiro lugar, temos f\u00e9 em criar produtos de alta qualidade entre as ind\u00fastrias relevantes e obter \u00f3timo desempenho por muito tempo. Por isso, estamos muito preocupados com a coopera\u00e7\u00e3o com cada cliente, e tamb\u00e9m valorizamos cada comunica\u00e7\u00e3o com os clientes. Temos muitos anos de experi\u00eancia na gest\u00e3o de links de pr\u00e9-venda, venda e p\u00f3s-venda, para que possamos prestar um bom atendimento ao cliente.<\/p>\t\t\t\t\t\t\t\t<\/div> \t\t\t\t<div class=\"elementor-element elementor-element-e81b067 elementor-widget__width-initial elementor-widget elementor-widget-icon-box\" data-id=\"e81b067\" data-element_type=\"widget\" data-e-type=\"widget\" data-widget_type=\"icon-box.default\"> \t\t\t\t\t\t\t<div class=\"elementor-icon-box-wrapper\">  \t\t\t \t\t\t\t\t\t<div class=\"elementor-icon-box-content\">  \t\t\t\t\t\t\t\t\t<h5 class=\"elementor-icon-box-title\"> \t\t\t\t\t\t<span  > \t\t\t\t\t\t\tPlanejamento meticuloso\t\t\t\t\t\t<\/span> \t\t\t\t\t<\/h5> \t\t\t\t \t\t\t\t\t\t\t\t\t<p class=\"elementor-icon-box-description\"> \t\t\t\t\t\tAjude a escolher o equipamento apropriado com base nas necessidades dos clientes ou personalize as m\u00e1quinas para atender \u00e0s necessidades do cliente.\t\t\t\t\t<\/p> \t\t\t\t \t\t\t<\/div> \t\t\t \t\t<\/div> \t\t\t\t\t\t<\/div> \t\t\t\t<div class=\"elementor-element elementor-element-a8a5780 elementor-widget__width-initial elementor-widget elementor-widget-icon-box\" data-id=\"a8a5780\" data-element_type=\"widget\" data-e-type=\"widget\" data-widget_type=\"icon-box.default\"> \t\t\t\t\t\t\t<div class=\"elementor-icon-box-wrapper\">  \t\t\t \t\t\t\t\t\t<div class=\"elementor-icon-box-content\">  \t\t\t\t\t\t\t\t\t<h5 class=\"elementor-icon-box-title\"> \t\t\t\t\t\t<span  > \t\t\t\t\t\t\tenvio atempado e orienta\u00e7\u00e3o de uso\t\t\t\t\t\t<\/span> \t\t\t\t\t<\/h5> \t\t\t\t \t\t\t\t\t\t\t\t\t<p class=\"elementor-icon-box-description\"> \t\t\t\t\t\t Envie o cliente o mais r\u00e1pido poss\u00edvel e forne\u00e7a o guia de instala\u00e7\u00e3o e opera\u00e7\u00e3o da m\u00e1quina correspondente para ajudar no processo de produ\u00e7\u00e3o do cliente.\t\t\t\t\t<\/p> \t\t\t\t \t\t\t<\/div> \t\t\t \t\t<\/div> \t\t\t\t\t\t<\/div> \t\t\t\t<div class=\"elementor-element elementor-element-95eee24 elementor-widget__width-initial elementor-widget elementor-widget-icon-box\" data-id=\"95eee24\" data-element_type=\"widget\" data-e-type=\"widget\" data-widget_type=\"icon-box.default\"> \t\t\t\t\t\t\t<div class=\"elementor-icon-box-wrapper\">  \t\t\t \t\t\t\t\t\t<div class=\"elementor-icon-box-content\">  \t\t\t\t\t\t\t\t\t<h5 class=\"elementor-icon-box-title\"> \t\t\t\t\t\t<span  > \t\t\t\t\t\t\tExecu\u00e7\u00e3o Perfeita\t\t\t\t\t\t<\/span> \t\t\t\t\t<\/h5> \t\t\t\t \t\t\t\t\t\t\t\t\t<p class=\"elementor-icon-box-description\"> \t\t\t\t\t\tPlaneje itiner\u00e1rios para visitas de clientes, reservas de hot\u00e9is e traslados. Forne\u00e7a feedback e informa\u00e7\u00f5es detalhadas aos clientes a tempo.\t\t\t\t\t<\/p> \t\t\t\t \t\t\t<\/div> \t\t\t \t\t<\/div> \t\t\t\t\t\t<\/div> \t\t\t\t<div class=\"elementor-element elementor-element-03a7451 elementor-widget__width-initial elementor-widget elementor-widget-icon-box\" data-id=\"03a7451\" data-element_type=\"widget\" data-e-type=\"widget\" data-widget_type=\"icon-box.default\"> \t\t\t\t\t\t\t<div class=\"elementor-icon-box-wrapper\">  \t\t\t \t\t\t\t\t\t<div class=\"elementor-icon-box-content\">  \t\t\t\t\t\t\t\t\t<h5 class=\"elementor-icon-box-title\"> \t\t\t\t\t\t<span  > \t\t\t\t\t\t\tPre\u00e7os acess\u00edveis\t\t\t\t\t\t<\/span> \t\t\t\t\t<\/h5> \t\t\t\t \t\t\t\t\t\t\t\t\t<p class=\"elementor-icon-box-description\"> \t\t\t\t\t\t Fa\u00e7a cota\u00e7\u00f5es rigorosas dos clientes de acordo com os pre\u00e7os de mercado para garantir que os clientes recebam produtos com retorno sobre o investimento relativamente alto, para que os clientes realmente se beneficiem.\t\t\t\t\t<\/p> \t\t\t\t \t\t\t<\/div> \t\t\t \t\t<\/div> \t\t\t\t\t\t<\/div> \t\t\t\t<\/div> \t\t<div class=\"elementor-element elementor-element-72903bc e-con-full e-flex e-con e-child\" data-id=\"72903bc\" data-element_type=\"container\" data-e-type=\"container\"> \t\t\t\t<div class=\"elementor-element elementor-element-e72a812 elementor-widget elementor-widget-image\" data-id=\"e72a812\" data-element_type=\"widget\" data-e-type=\"widget\" data-widget_type=\"image.default\"> \t\t\t\t\t\t\t\t\t\t\t\t\t\t\t<img fetchpriority=\"high\" decoding=\"async\" width=\"720\" height=\"480\" src=\"https:\/\/woodmachine.org\/wp-content\/uploads\/2020\/04\/customers-visiting-of-Shuliy-factory.jpg\" class=\"attachment-large size-large wp-image-1447\" alt=\"clientes visitando a f\u00e1brica Shuliy\" srcset=\"https:\/\/woodmachine.org\/wp-content\/uploads\/2020\/04\/customers-visiting-of-Shuliy-factory.jpg 720w, https:\/\/woodmachine.org\/wp-content\/uploads\/2020\/04\/customers-visiting-of-Shuliy-factory-300x200.jpg 300w\" sizes=\"(max-width: 720px) 100vw, 720px\" \/>\t\t\t\t\t\t\t\t\t\t\t\t\t\t\t<\/div> \t\t\t\t<\/div> \t\t\t\t\t<\/div> \t\t\t\t<\/div> \t\t<div class=\"elementor-element elementor-element-3ee47d3 e-flex e-con-boxed e-con e-parent\" data-id=\"3ee47d3\" data-element_type=\"container\" data-e-type=\"container\" data-settings=\"{&quot;background_background&quot;:&quot;classic&quot;}\"> \t\t\t\t\t<div class=\"e-con-inner\"> \t\t\t\t<div class=\"elementor-element elementor-element-9ce520e elementor-widget elementor-widget-html\" data-id=\"9ce520e\" data-element_type=\"widget\" data-e-type=\"widget\" data-widget_type=\"html.default\"> \t\t\t\t\t<p style=\"color:#FFFFFF;\" class=\"translation-block\"><strong>     Qualidade em Primeiro Lugar e Cliente em Primeiro Lugar<\/strong><br \/>     A coopera\u00e7\u00e3o \u00e9 muito maior do que o pr\u00f3prio neg\u00f3cio <\/p>\t\t\t\t<\/div> \t\t\t\t<div class=\"elementor-element elementor-element-7deb55a elementor-align-center elementor-widget elementor-widget-button\" data-id=\"7deb55a\" data-element_type=\"widget\" data-e-type=\"widget\" data-widget_type=\"button.default\"> \t\t\t\t\t\t\t\t\t\t<a class=\"elementor-button elementor-button-link elementor-size-md\" href=\"http:\/\/contact-us\/\"> \t\t\t\t\t\t<span class=\"elementor-button-content-wrapper\"> \t\t\t\t\t\t\t\t\t<span class=\"elementor-button-text\">Contate-nos hoje<\/span> \t\t\t\t\t<\/span> \t\t\t\t\t<\/a> \t\t\t\t\t\t\t\t<\/div> \t\t\t\t\t<\/div> \t\t\t\t<\/div> \t\t\t\t<\/div>","protected":false},"excerpt":{"rendered":"<p>Services our services Based on the principle of quality-oriented, good reputation and customer first, we hold a faith to create high-quality products among the relevant industries and make great performance for ages. Therefore, we are very concerned about the cooperation with each customer, and also cherish every communication with customers. We have many years of [&hellip;]<\/p>\n","protected":false},"author":1,"featured_media":0,"parent":0,"menu_order":0,"comment_status":"closed","ping_status":"closed","template":"","meta":{"footnotes":""},"class_list":["post-72","page","type-page","status-publish","hentry"],"_links":{"self":[{"href":"https:\/\/woodmachine.org\/pt\/wp-json\/wp\/v2\/pages\/72","targetHints":{"allow":["GET"]}}],"collection":[{"href":"https:\/\/woodmachine.org\/pt\/wp-json\/wp\/v2\/pages"}],"about":[{"href":"https:\/\/woodmachine.org\/pt\/wp-json\/wp\/v2\/types\/page"}],"author":[{"embeddable":true,"href":"https:\/\/woodmachine.org\/pt\/wp-json\/wp\/v2\/users\/1"}],"replies":[{"embeddable":true,"href":"https:\/\/woodmachine.org\/pt\/wp-json\/wp\/v2\/comments?post=72"}],"version-history":[{"count":0,"href":"https:\/\/woodmachine.org\/pt\/wp-json\/wp\/v2\/pages\/72\/revisions"}],"wp:attachment":[{"href":"https:\/\/woodmachine.org\/pt\/wp-json\/wp\/v2\/media?parent=72"}],"curies":[{"name":"wp","href":"https:\/\/api.w.org\/{rel}","templated":true}]}}