{"id":72,"date":"2017-07-12T05:54:00","date_gmt":"2017-07-12T05:54:00","guid":{"rendered":"https:\/\/woodmachine.org\/services\/"},"modified":"2024-05-15T11:50:24","modified_gmt":"2024-05-15T03:50:24","slug":"services","status":"publish","type":"page","link":"https:\/\/woodmachine.org\/vi\/services\/","title":{"rendered":"D\u1ecbch v\u1ee5"},"content":{"rendered":"<div data-elementor-type=\"wp-post\" data-elementor-id=\"72\" class=\"elementor elementor-72\" data-elementor-post-type=\"page\"> \t\t\t\t<div class=\"elementor-element elementor-element-909c838 e-flex e-con-boxed e-con e-parent\" data-id=\"909c838\" data-element_type=\"container\" data-e-type=\"container\" data-settings=\"{&quot;background_background&quot;:&quot;classic&quot;}\"> \t\t\t\t\t<div class=\"e-con-inner\"> \t\t\t\t<div class=\"elementor-element elementor-element-2499def elementor-widget elementor-widget-heading\" data-id=\"2499def\" data-element_type=\"widget\" data-e-type=\"widget\" data-widget_type=\"heading.default\"> \t\t\t\t\t<h1 class=\"elementor-heading-title elementor-size-default\">D\u1ecbch v\u1ee5<\/h1>\t\t\t\t<\/div> \t\t\t\t\t<\/div> \t\t\t\t<\/div> \t\t<div class=\"elementor-element elementor-element-402bc30 e-flex e-con-boxed e-con e-parent\" data-id=\"402bc30\" data-element_type=\"container\" data-e-type=\"container\"> \t\t\t\t\t<div class=\"e-con-inner\"> \t\t<div class=\"elementor-element elementor-element-c017a28 e-con-full e-flex e-con e-child\" data-id=\"c017a28\" data-element_type=\"container\" data-e-type=\"container\"> \t\t\t\t<div class=\"elementor-element elementor-element-1e3ba53 elementor-widget__width-inherit elementor-widget elementor-widget-heading\" data-id=\"1e3ba53\" data-element_type=\"widget\" data-e-type=\"widget\" data-widget_type=\"heading.default\"> \t\t\t\t\t<h2 class=\"elementor-heading-title elementor-size-default\">d\u1ecbch v\u1ee5 c\u1ee7a ch\u00fang t\u00f4i<\/h2>\t\t\t\t<\/div> \t\t\t\t<div class=\"elementor-element elementor-element-eca3d63 elementor-widget__width-inherit elementor-widget elementor-widget-text-editor\" data-id=\"eca3d63\" data-element_type=\"widget\" data-e-type=\"widget\" data-widget_type=\"text-editor.default\"> \t\t\t\t\t\t\t\t\t<p>D\u1ef1a tr\u00ean nguy\u00ean t\u1eafc \u0111\u1ecbnh h\u01b0\u1edbng ch\u1ea5t l\u01b0\u1ee3ng, danh ti\u1ebfng t\u1ed1t v\u00e0 kh\u00e1ch h\u00e0ng l\u00e0 tr\u00ean h\u1ebft, ch\u00fang t\u00f4i tin t\u01b0\u1edfng s\u1ebd t\u1ea1o ra nh\u1eefng s\u1ea3n ph\u1ea9m ch\u1ea5t l\u01b0\u1ee3ng cao trong s\u1ed1 c\u00e1c ng\u00e0nh li\u00ean quan v\u00e0 mang l\u1ea1i hi\u1ec7u su\u1ea5t tuy\u1ec7t v\u1eddi cho m\u1ecdi th\u1eddi \u0111\u1ea1i. V\u00ec v\u1eady, ch\u00fang t\u00f4i r\u1ea5t quan t\u00e2m \u0111\u1ebfn vi\u1ec7c h\u1ee3p t\u00e1c v\u1edbi t\u1eebng kh\u00e1ch h\u00e0ng, \u0111\u1ed3ng th\u1eddi tr\u00e2n tr\u1ecdng m\u1ecdi giao ti\u1ebfp v\u1edbi kh\u00e1ch h\u00e0ng. Ch\u00fang t\u00f4i c\u00f3 nhi\u1ec1u n\u0103m kinh nghi\u1ec7m trong vi\u1ec7c qu\u1ea3n l\u00fd c\u00e1c li\u00ean k\u1ebft tr\u01b0\u1edbc b\u00e1n h\u00e0ng, b\u00e1n h\u00e0ng v\u00e0 h\u1eadu m\u00e3i n\u00ean c\u00f3 th\u1ec3 cung c\u1ea5p d\u1ecbch v\u1ee5 kh\u00e1ch h\u00e0ng t\u1ed1t.<\/p>\t\t\t\t\t\t\t\t<\/div> \t\t\t\t<div class=\"elementor-element elementor-element-e81b067 elementor-widget__width-initial elementor-widget elementor-widget-icon-box\" data-id=\"e81b067\" data-element_type=\"widget\" data-e-type=\"widget\" data-widget_type=\"icon-box.default\"> \t\t\t\t\t\t\t<div class=\"elementor-icon-box-wrapper\">  \t\t\t \t\t\t\t\t\t<div class=\"elementor-icon-box-content\">  \t\t\t\t\t\t\t\t\t<h5 class=\"elementor-icon-box-title\"> \t\t\t\t\t\t<span  > \t\t\t\t\t\t\tL\u1eadp k\u1ebf ho\u1ea1ch t\u1ec9 m\u1ec9\t\t\t\t\t\t<\/span> \t\t\t\t\t<\/h5> \t\t\t\t \t\t\t\t\t\t\t\t\t<p class=\"elementor-icon-box-description\"> \t\t\t\t\t\tGi\u00fap l\u1ef1a ch\u1ecdn thi\u1ebft b\u1ecb ph\u00f9 h\u1ee3p d\u1ef1a tr\u00ean y\u00eau c\u1ea7u c\u1ee7a kh\u00e1ch h\u00e0ng ho\u1eb7c t\u00f9y ch\u1ec9nh m\u00e1y m\u00f3c \u0111\u1ec3 \u0111\u00e1p \u1ee9ng nhu c\u1ea7u c\u1ee7a kh\u00e1ch h\u00e0ng.\t\t\t\t\t<\/p> \t\t\t\t \t\t\t<\/div> \t\t\t \t\t<\/div> \t\t\t\t\t\t<\/div> \t\t\t\t<div class=\"elementor-element elementor-element-a8a5780 elementor-widget__width-initial elementor-widget elementor-widget-icon-box\" data-id=\"a8a5780\" data-element_type=\"widget\" data-e-type=\"widget\" data-widget_type=\"icon-box.default\"> \t\t\t\t\t\t\t<div class=\"elementor-icon-box-wrapper\">  \t\t\t \t\t\t\t\t\t<div class=\"elementor-icon-box-content\">  \t\t\t\t\t\t\t\t\t<h5 class=\"elementor-icon-box-title\"> \t\t\t\t\t\t<span  > \t\t\t\t\t\t\tv\u1eadn chuy\u1ec3n k\u1ecbp th\u1eddi &amp; h\u01b0\u1edbng d\u1eabn s\u1eed d\u1ee5ng\t\t\t\t\t\t<\/span> \t\t\t\t\t<\/h5> \t\t\t\t \t\t\t\t\t\t\t\t\t<p class=\"elementor-icon-box-description\"> \t\t\t\t\t\t Giao h\u00e0ng cho kh\u00e1ch h\u00e0ng c\u00e0ng s\u1edbm c\u00e0ng t\u1ed1t v\u00e0 cung c\u1ea5p h\u01b0\u1edbng d\u1eabn v\u1eadn h\u00e0nh v\u00e0 l\u1eafp \u0111\u1eb7t m\u00e1y t\u01b0\u01a1ng \u1ee9ng \u0111\u1ec3 h\u1ed7 tr\u1ee3 qu\u00e1 tr\u00ecnh s\u1ea3n xu\u1ea5t c\u1ee7a kh\u00e1ch h\u00e0ng.\t\t\t\t\t<\/p> \t\t\t\t \t\t\t<\/div> \t\t\t \t\t<\/div> \t\t\t\t\t\t<\/div> \t\t\t\t<div class=\"elementor-element elementor-element-95eee24 elementor-widget__width-initial elementor-widget elementor-widget-icon-box\" data-id=\"95eee24\" data-element_type=\"widget\" data-e-type=\"widget\" data-widget_type=\"icon-box.default\"> \t\t\t\t\t\t\t<div class=\"elementor-icon-box-wrapper\">  \t\t\t \t\t\t\t\t\t<div class=\"elementor-icon-box-content\">  \t\t\t\t\t\t\t\t\t<h5 class=\"elementor-icon-box-title\"> \t\t\t\t\t\t<span  > \t\t\t\t\t\t\tTh\u1ef1c thi ho\u00e0n h\u1ea3o\t\t\t\t\t\t<\/span> \t\t\t\t\t<\/h5> \t\t\t\t \t\t\t\t\t\t\t\t\t<p class=\"elementor-icon-box-description\"> \t\t\t\t\t\tS\u1eafp x\u1ebfp h\u00e0nh tr\u00ecnh cho c\u00e1c chuy\u1ebfn th\u0103m c\u1ee7a kh\u00e1ch h\u00e0ng, \u0111\u1eb7t ph\u00f2ng kh\u00e1ch s\u1ea1n v\u00e0 \u0111\u01b0a \u0111\u00f3n. Cung c\u1ea5p cho kh\u00e1ch h\u00e0ng nh\u1eefng ph\u1ea3n h\u1ed3i v\u00e0 th\u00f4ng tin chi ti\u1ebft k\u1ecbp th\u1eddi.\t\t\t\t\t<\/p> \t\t\t\t \t\t\t<\/div> \t\t\t \t\t<\/div> \t\t\t\t\t\t<\/div> \t\t\t\t<div class=\"elementor-element elementor-element-03a7451 elementor-widget__width-initial elementor-widget elementor-widget-icon-box\" data-id=\"03a7451\" data-element_type=\"widget\" data-e-type=\"widget\" data-widget_type=\"icon-box.default\"> \t\t\t\t\t\t\t<div class=\"elementor-icon-box-wrapper\">  \t\t\t \t\t\t\t\t\t<div class=\"elementor-icon-box-content\">  \t\t\t\t\t\t\t\t\t<h5 class=\"elementor-icon-box-title\"> \t\t\t\t\t\t<span  > \t\t\t\t\t\t\tGi\u00e1 c\u1ea3 ph\u1ea3i ch\u0103ng\t\t\t\t\t\t<\/span> \t\t\t\t\t<\/h5> \t\t\t\t \t\t\t\t\t\t\t\t\t<p class=\"elementor-icon-box-description\"> \t\t\t\t\t\t B\u00e1o gi\u00e1 ch\u1eb7t ch\u1ebd cho kh\u00e1ch h\u00e0ng theo gi\u00e1 th\u1ecb tr\u01b0\u1eddng \u0111\u1ec3 \u0111\u1ea3m b\u1ea3o kh\u00e1ch h\u00e0ng \u0111\u01b0\u1ee3c cung c\u1ea5p nh\u1eefng s\u1ea3n ph\u1ea9m c\u00f3 l\u1ee3i t\u1ee9c \u0111\u1ea7u t\u01b0 t\u01b0\u01a1ng \u0111\u1ed1i cao, \u0111\u1ec3 kh\u00e1ch h\u00e0ng th\u1ef1c s\u1ef1 \u0111\u01b0\u1ee3c h\u01b0\u1edfng l\u1ee3i.\t\t\t\t\t<\/p> \t\t\t\t \t\t\t<\/div> \t\t\t \t\t<\/div> \t\t\t\t\t\t<\/div> \t\t\t\t<\/div> \t\t<div class=\"elementor-element elementor-element-72903bc e-con-full e-flex e-con e-child\" data-id=\"72903bc\" data-element_type=\"container\" data-e-type=\"container\"> \t\t\t\t<div class=\"elementor-element elementor-element-e72a812 elementor-widget elementor-widget-image\" data-id=\"e72a812\" data-element_type=\"widget\" data-e-type=\"widget\" data-widget_type=\"image.default\"> \t\t\t\t\t\t\t\t\t\t\t\t\t\t\t<img fetchpriority=\"high\" decoding=\"async\" width=\"720\" height=\"480\" src=\"https:\/\/woodmachine.org\/wp-content\/uploads\/2020\/04\/customers-visiting-of-Shuliy-factory.jpg\" class=\"attachment-large size-large wp-image-1447\" alt=\"kh\u00e1ch h\u00e0ng \u0111\u1ebfn th\u0103m nh\u00e0 m\u00e1y Shuliy\" srcset=\"https:\/\/woodmachine.org\/wp-content\/uploads\/2020\/04\/customers-visiting-of-Shuliy-factory.jpg 720w, https:\/\/woodmachine.org\/wp-content\/uploads\/2020\/04\/customers-visiting-of-Shuliy-factory-300x200.jpg 300w\" sizes=\"(max-width: 720px) 100vw, 720px\" \/>\t\t\t\t\t\t\t\t\t\t\t\t\t\t\t<\/div> \t\t\t\t<\/div> \t\t\t\t\t<\/div> \t\t\t\t<\/div> \t\t<div class=\"elementor-element elementor-element-3ee47d3 e-flex e-con-boxed e-con e-parent\" data-id=\"3ee47d3\" data-element_type=\"container\" data-e-type=\"container\" data-settings=\"{&quot;background_background&quot;:&quot;classic&quot;}\"> \t\t\t\t\t<div class=\"e-con-inner\"> \t\t\t\t<div class=\"elementor-element elementor-element-9ce520e elementor-widget elementor-widget-html\" data-id=\"9ce520e\" data-element_type=\"widget\" data-e-type=\"widget\" data-widget_type=\"html.default\"> \t\t\t\t\t<p style=\"color:#FFFFFF;\" class=\"translation-block\"><strong>     Ch\u1ea5t l\u01b0\u1ee3ng h\u00e0ng \u0111\u1ea7u &amp; Kh\u00e1ch h\u00e0ng l\u00e0 \u01b0u ti\u00ean h\u00e0ng \u0111\u1ea7u<\/strong><br \/>     H\u1ee3p t\u00e1c l\u1edbn h\u01a1n nhi\u1ec1u so v\u1edbi kinh doanh b\u1ea3n th\u00e2n <\/p>\t\t\t\t<\/div> \t\t\t\t<div class=\"elementor-element elementor-element-7deb55a elementor-align-center elementor-widget elementor-widget-button\" data-id=\"7deb55a\" data-element_type=\"widget\" data-e-type=\"widget\" data-widget_type=\"button.default\"> \t\t\t\t\t\t\t\t\t\t<a class=\"elementor-button elementor-button-link elementor-size-md\" href=\"http:\/\/contact-us\/\"> \t\t\t\t\t\t<span class=\"elementor-button-content-wrapper\"> \t\t\t\t\t\t\t\t\t<span class=\"elementor-button-text\">Li\u00ean h\u1ec7 v\u1edbi ch\u00fang t\u00f4i ngay h\u00f4m nay<\/span> \t\t\t\t\t<\/span> \t\t\t\t\t<\/a> \t\t\t\t\t\t\t\t<\/div> \t\t\t\t\t<\/div> \t\t\t\t<\/div> \t\t\t\t<\/div>","protected":false},"excerpt":{"rendered":"<p>Services our services Based on the principle of quality-oriented, good reputation and customer first, we hold a faith to create high-quality products among the relevant industries and make great performance for ages. Therefore, we are very concerned about the cooperation with each customer, and also cherish every communication with customers. We have many years of [&hellip;]<\/p>\n","protected":false},"author":1,"featured_media":0,"parent":0,"menu_order":0,"comment_status":"closed","ping_status":"closed","template":"","meta":{"footnotes":""},"class_list":["post-72","page","type-page","status-publish","hentry"],"_links":{"self":[{"href":"https:\/\/woodmachine.org\/vi\/wp-json\/wp\/v2\/pages\/72","targetHints":{"allow":["GET"]}}],"collection":[{"href":"https:\/\/woodmachine.org\/vi\/wp-json\/wp\/v2\/pages"}],"about":[{"href":"https:\/\/woodmachine.org\/vi\/wp-json\/wp\/v2\/types\/page"}],"author":[{"embeddable":true,"href":"https:\/\/woodmachine.org\/vi\/wp-json\/wp\/v2\/users\/1"}],"replies":[{"embeddable":true,"href":"https:\/\/woodmachine.org\/vi\/wp-json\/wp\/v2\/comments?post=72"}],"version-history":[{"count":0,"href":"https:\/\/woodmachine.org\/vi\/wp-json\/wp\/v2\/pages\/72\/revisions"}],"wp:attachment":[{"href":"https:\/\/woodmachine.org\/vi\/wp-json\/wp\/v2\/media?parent=72"}],"curies":[{"name":"wp","href":"https:\/\/api.w.org\/{rel}","templated":true}]}}