{"id":73,"date":"2017-07-12T05:54:01","date_gmt":"2017-07-12T05:54:01","guid":{"rendered":"https:\/\/woodmachine.org\/contact-us\/"},"modified":"2026-04-01T15:09:46","modified_gmt":"2026-04-01T07:09:46","slug":"cs","status":"publish","type":"page","link":"https:\/\/woodmachine.org\/vi\/cs\/","title":{"rendered":"Li\u00ean h\u1ec7 v\u1edbi ch\u00fang t\u00f4i"},"content":{"rendered":"<div data-elementor-type=\"wp-post\" data-elementor-id=\"73\" class=\"elementor elementor-73\" data-elementor-post-type=\"page\"> \t\t\t\t<div class=\"elementor-element elementor-element-acb71e4 e-flex e-con-boxed e-con e-parent\" data-id=\"acb71e4\" data-element_type=\"container\" data-e-type=\"container\" data-settings=\"{&quot;background_background&quot;:&quot;classic&quot;}\"> \t\t\t\t\t<div class=\"e-con-inner\"> \t\t\t\t<div class=\"elementor-element elementor-element-573315a elementor-widget elementor-widget-heading\" data-id=\"573315a\" data-element_type=\"widget\" data-e-type=\"widget\" data-widget_type=\"heading.default\"> \t\t\t\t\t<h1 class=\"elementor-heading-title elementor-size-default\">Li\u00ean h\u1ec7 v\u1edbi ch\u00fang t\u00f4i<\/h1>\t\t\t\t<\/div> \t\t\t\t\t<\/div> \t\t\t\t<\/div> \t\t<div class=\"elementor-element elementor-element-eeb14cd e-flex e-con-boxed e-con e-parent\" data-id=\"eeb14cd\" data-element_type=\"container\" data-e-type=\"container\"> \t\t\t\t\t<div class=\"e-con-inner\"> \t\t\t\t<div class=\"elementor-element elementor-element-b0cb734 elementor-widget__width-initial elementor-position-top elementor-widget elementor-widget-image-box\" data-id=\"b0cb734\" data-element_type=\"widget\" data-e-type=\"widget\" data-widget_type=\"image-box.default\"> \t\t\t\t\t<div class=\"elementor-image-box-wrapper\"><figure class=\"elementor-image-box-img\"><img decoding=\"async\" width=\"60\" height=\"60\" src=\"https:\/\/woodmachine.org\/wp-content\/uploads\/2020\/03\/construction-icon27.png\" class=\"attachment-full size-full wp-image-1189\" alt=\"\" \/><\/figure><div class=\"elementor-image-box-content\"><h4 class=\"elementor-image-box-title\">G\u1ecdi cho ch\u00fang t\u00f4i<\/h4><p class=\"elementor-image-box-description\">+86-17329326135<\/p><\/div><\/div>\t\t\t\t<\/div> \t\t\t\t<div class=\"elementor-element elementor-element-d9d4ff7 elementor-widget__width-initial elementor-position-top elementor-widget elementor-widget-image-box\" data-id=\"d9d4ff7\" data-element_type=\"widget\" data-e-type=\"widget\" data-widget_type=\"image-box.default\"> \t\t\t\t\t<div class=\"elementor-image-box-wrapper\"><figure class=\"elementor-image-box-img\"><img decoding=\"async\" width=\"60\" height=\"60\" src=\"https:\/\/woodmachine.org\/wp-content\/uploads\/2017\/07\/construction-icon25-free-img.png\" class=\"attachment-full size-full wp-image-366\" alt=\"\" \/><\/figure><div class=\"elementor-image-box-content\"><h4 class=\"elementor-image-box-title\">Gh\u00e9 th\u0103m ch\u00fang t\u00f4i<\/h4><p class=\"elementor-image-box-description\">\u0110\u01b0\u1eddng H\u1ea3i l\u00fd ph\u00eda \u0110\u00f4ng, Khu ph\u00e1t tri\u1ec3n kinh t\u1ebf Tr\u1ecbnh Ch\u00e2u, H\u00e0 Nam, Trung Qu\u1ed1c.<\/p><\/div><\/div>\t\t\t\t<\/div> \t\t\t\t<div class=\"elementor-element elementor-element-57d0a74 elementor-widget__width-initial elementor-position-top elementor-widget elementor-widget-image-box\" data-id=\"57d0a74\" data-element_type=\"widget\" data-e-type=\"widget\" data-widget_type=\"image-box.default\"> \t\t\t\t\t<div class=\"elementor-image-box-wrapper\"><figure class=\"elementor-image-box-img\"><img decoding=\"async\" width=\"60\" height=\"60\" src=\"https:\/\/woodmachine.org\/wp-content\/uploads\/2017\/07\/construction-icon26-1-free-img.png\" class=\"attachment-full size-full wp-image-368\" alt=\"\" \/><\/figure><div class=\"elementor-image-box-content\"><h4 class=\"elementor-image-box-title\">G\u1eedi th\u01b0 cho ch\u00fang t\u00f4i<\/h4><p class=\"elementor-image-box-description\">info@woodmachine.org <br><\/p><\/div><\/div>\t\t\t\t<\/div> \t\t\t\t<div class=\"elementor-element elementor-element-06557db elementor-widget__width-initial elementor-position-top elementor-widget elementor-widget-image-box\" data-id=\"06557db\" data-element_type=\"widget\" data-e-type=\"widget\" data-widget_type=\"image-box.default\"> \t\t\t\t\t<div class=\"elementor-image-box-wrapper\"><figure class=\"elementor-image-box-img\"><img loading=\"lazy\" decoding=\"async\" width=\"62\" height=\"60\" src=\"https:\/\/woodmachine.org\/wp-content\/uploads\/2017\/07\/construction-icon28-free-img.png\" class=\"attachment-full size-full wp-image-370\" alt=\"\" \/><\/figure><div class=\"elementor-image-box-content\"><h4 class=\"elementor-image-box-title\">Gi\u1edd l\u00e0m vi\u1ec7c<\/h4><p class=\"elementor-image-box-description\">Gi\u1edd B\u1eafc Kinh: 7 * 24 gi\u1edd<br> <\/p><\/div><\/div>\t\t\t\t<\/div> \t\t\t\t\t<\/div> \t\t\t\t<\/div> \t\t<div class=\"elementor-element elementor-element-ff924d4 e-flex e-con-boxed e-con e-parent\" data-id=\"ff924d4\" data-element_type=\"container\" data-e-type=\"container\"> \t\t\t\t\t<div class=\"e-con-inner\"> \t\t<div class=\"elementor-element elementor-element-8f3a1ac e-flex e-con-boxed e-con e-child\" data-id=\"8f3a1ac\" data-element_type=\"container\" data-e-type=\"container\"> \t\t\t\t\t<div class=\"e-con-inner\"> \t\t\t\t<div class=\"elementor-element elementor-element-ea7104d elementor-widget elementor-widget-heading\" data-id=\"ea7104d\" data-element_type=\"widget\" data-e-type=\"widget\" data-widget_type=\"heading.default\"> \t\t\t\t\t<h3 class=\"elementor-heading-title elementor-size-default\">G\u1eedi tin nh\u1eafn cho ch\u00fang t\u00f4i<\/h3>\t\t\t\t<\/div> \t\t\t\t<div class=\"elementor-element elementor-element-f5aa38c elementor-widget elementor-widget-text-editor\" data-id=\"f5aa38c\" data-element_type=\"widget\" data-e-type=\"widget\" data-widget_type=\"text-editor.default\"> \t\t\t\t\t\t\t\t\t<p>B\u1ea1n c\u1ea3m th\u1ea5y quan t\u00e2m \u0111\u1ebfn m\u00e1y m\u00f3c ch\u1ebf bi\u1ebfn g\u1ed7 c\u1ee7a ch\u00fang t\u00f4i? Vui l\u00f2ng \u0111\u1ec3 l\u1ea1i th\u00f4ng tin c\u1ee7a b\u1ea1n t\u1ea1i \u0111\u00e2y, ch\u00fang t\u00f4i s\u1ebd tr\u1ea3 l\u1eddi b\u1ea1n v\u00e0 cung c\u1ea5p cho b\u1ea1n t\u1ea5t c\u1ea3 c\u00e1c chi ti\u1ebft v\u00e0 gi\u1ea3i ph\u00e1p c\u00e0ng s\u1edbm c\u00e0ng t\u1ed1t.<\/p>\t\t\t\t\t\t\t\t<\/div> \t\t\t\t<div class=\"elementor-element elementor-element-4ba17aa elementor-widget-divider--view-line elementor-widget elementor-widget-divider\" data-id=\"4ba17aa\" data-element_type=\"widget\" data-e-type=\"widget\" data-widget_type=\"divider.default\"> \t\t\t\t\t\t\t<div class=\"elementor-divider\"> \t\t\t<span class=\"elementor-divider-separator\"> \t\t\t\t\t\t<\/span> \t\t<\/div> \t\t\t\t\t\t<\/div> \t\t\t\t<div class=\"elementor-element elementor-element-dd48bec elementor-widget elementor-widget-heading\" data-id=\"dd48bec\" data-element_type=\"widget\" data-e-type=\"widget\" data-widget_type=\"heading.default\"> \t\t\t\t\t<h4 class=\"elementor-heading-title elementor-size-default\">G\u1ecdi cho ch\u00fang t\u00f4i ngay <\/h4>\t\t\t\t<\/div> \t\t\t\t<div class=\"elementor-element elementor-element-3e00f95 elementor-widget elementor-widget-heading\" data-id=\"3e00f95\" data-element_type=\"widget\" data-e-type=\"widget\" data-widget_type=\"heading.default\"> \t\t\t\t\t<h2 class=\"elementor-heading-title elementor-size-default\">+86-17329326135<\/h2>\t\t\t\t<\/div> \t\t\t\t<div class=\"elementor-element elementor-element-177d73e elementor-widget elementor-widget-text-editor\" data-id=\"177d73e\" data-element_type=\"widget\" data-e-type=\"widget\" data-widget_type=\"text-editor.default\"> \t\t\t\t\t\t\t\t\t<p>Ch\u00fang t\u00f4i cung c\u1ea5p h\u1ed7 tr\u1ee3 24\/7<\/p>\t\t\t\t\t\t\t\t<\/div> \t\t\t\t\t<\/div> \t\t\t\t<\/div> \t\t<div class=\"elementor-element elementor-element-97e0037 e-con-full e-flex e-con e-child\" data-id=\"97e0037\" data-element_type=\"container\" data-e-type=\"container\" id=\"enquiry\"> \t\t\t\t<\/div> \t\t\t\t\t<\/div> \t\t\t\t<\/div> \t\t<div class=\"elementor-element elementor-element-0098b0f e-con-full e-flex e-con e-parent\" data-id=\"0098b0f\" data-element_type=\"container\" data-e-type=\"container\"> \t\t\t\t<div class=\"elementor-element elementor-element-64aa35f elementor-widget elementor-widget-google_maps\" data-id=\"64aa35f\" data-element_type=\"widget\" data-e-type=\"widget\" data-widget_type=\"google_maps.default\"> \t\t\t\t\t\t\t<div class=\"elementor-custom-embed\"> \t\t\t<iframe loading=\"lazy\" \t\t\t\t\tsrc=\"https:\/\/maps.google.com\/maps?q=East%20hanghai%20road%2C%20zhengzhou%2C%20China&#038;t=m&#038;z=16&#038;output=embed&#038;iwloc=near\" \t\t\t\t\ttitle=\"\u0110\u01b0\u1eddng \u0110\u00f4ng H\u00e0ng H\u1ea3i, Tr\u1eebng Ch\u00e2u, Trung Qu\u1ed1c\" \t\t\t\t\taria-label=\"\u0110\u01b0\u1eddng \u0110\u00f4ng H\u00e0ng H\u1ea3i, Tr\u1eebng Ch\u00e2u, Trung Qu\u1ed1c\" \t\t\t><\/iframe> \t\t<\/div> \t\t\t\t\t\t<\/div> \t\t\t\t<\/div> \t\t<div class=\"elementor-element elementor-element-8bea36a e-flex e-con-boxed e-con e-parent\" data-id=\"8bea36a\" data-element_type=\"container\" data-e-type=\"container\" data-settings=\"{&quot;background_background&quot;:&quot;classic&quot;}\"> \t\t\t\t\t<div class=\"e-con-inner\"> \t\t\t\t<div class=\"elementor-element elementor-element-977c33a elementor-widget elementor-widget-heading\" data-id=\"977c33a\" data-element_type=\"widget\" data-e-type=\"widget\" data-widget_type=\"heading.default\"> \t\t\t\t\t<h2 class=\"elementor-heading-title elementor-size-default\">T\u00ecm ch\u00fang t\u00f4i tr\u00ean m\u1ea1ng x\u00e3 h\u1ed9i<\/h2>\t\t\t\t<\/div> \t\t\t\t<div class=\"elementor-element elementor-element-bb6b9b4 elementor-shape-square elementor-grid-0 e-grid-align-center elementor-widget elementor-widget-social-icons\" data-id=\"bb6b9b4\" data-element_type=\"widget\" data-e-type=\"widget\" data-widget_type=\"social-icons.default\"> \t\t\t\t\t\t\t<div class=\"elementor-social-icons-wrapper elementor-grid\" role=\"list\"> \t\t\t\t\t\t\t<span class=\"elementor-grid-item\" role=\"listitem\"> \t\t\t\t\t<a class=\"elementor-icon elementor-social-icon elementor-social-icon-facebook-f elementor-repeater-item-5pm5h07\" target=\"_blank\"> \t\t\t\t\t\t<span class=\"elementor-screen-only\">Facebook-f<\/span> \t\t\t\t\t\t<svg aria-hidden=\"true\" class=\"e-font-icon-svg e-fab-facebook-f\" viewbox=\"0 0 320 512\" xmlns=\"http:\/\/www.w3.org\/2000\/svg\"><path d=\"M279.14 288l14.22-92.66h-88.91v-60.13c0-25.35 12.42-50.06 52.24-50.06h40.42V6.26S260.43 0 225.36 0c-73.22 0-121.08 44.38-121.08 124.72v70.62H22.89V288h81.39v224h100.17V288z\"><\/path><\/svg>\t\t\t\t\t<\/a> \t\t\t\t<\/span> \t\t\t\t\t\t\t<span class=\"elementor-grid-item\" role=\"listitem\"> \t\t\t\t\t<a class=\"elementor-icon elementor-social-icon elementor-social-icon-twitter elementor-repeater-item-3xqk3eu\" target=\"_blank\"> \t\t\t\t\t\t<span class=\"elementor-screen-only\">Twitter<\/span> \t\t\t\t\t\t<svg aria-hidden=\"true\" class=\"e-font-icon-svg e-fab-twitter\" viewbox=\"0 0 512 512\" xmlns=\"http:\/\/www.w3.org\/2000\/svg\"><path d=\"M459.37 151.716c.325 4.548.325 9.097.325 13.645 0 138.72-105.583 298.558-298.558 298.558-59.452 0-114.68-17.219-161.137-47.106 8.447.974 16.568 1.299 25.34 1.299 49.055 0 94.213-16.568 130.274-44.832-46.132-.975-84.792-31.188-98.112-72.772 6.498.974 12.995 1.624 19.818 1.624 9.421 0 18.843-1.3 27.614-3.573-48.081-9.747-84.143-51.98-84.143-102.985v-1.299c13.969 7.797 30.214 12.67 47.431 13.319-28.264-18.843-46.781-51.005-46.781-87.391 0-19.492 5.197-37.36 14.294-52.954 51.655 63.675 129.3 105.258 216.365 109.807-1.624-7.797-2.599-15.918-2.599-24.04 0-57.828 46.782-104.934 104.934-104.934 30.213 0 57.502 12.67 76.67 33.137 23.715-4.548 46.456-13.32 66.599-25.34-7.798 24.366-24.366 44.833-46.132 57.827 21.117-2.273 41.584-8.122 60.426-16.243-14.292 20.791-32.161 39.308-52.628 54.253z\"><\/path><\/svg>\t\t\t\t\t<\/a> \t\t\t\t<\/span> \t\t\t\t\t\t\t<span class=\"elementor-grid-item\" role=\"listitem\"> \t\t\t\t\t<a class=\"elementor-icon elementor-social-icon elementor-social-icon-google-plus-g elementor-repeater-item-q5yxy5h\" target=\"_blank\"> \t\t\t\t\t\t<span class=\"elementor-screen-only\">Google-plus-g<\/span> \t\t\t\t\t\t<svg aria-hidden=\"true\" class=\"e-font-icon-svg e-fab-google-plus-g\" viewbox=\"0 0 640 512\" xmlns=\"http:\/\/www.w3.org\/2000\/svg\"><path d=\"M386.061 228.496c1.834 9.692 3.143 19.384 3.143 31.956C389.204 370.205 315.599 448 204.8 448c-106.084 0-192-85.915-192-192s85.916-192 192-192c51.864 0 95.083 18.859 128.611 50.292l-52.126 50.03c-14.145-13.621-39.028-29.599-76.485-29.599-65.484 0-118.92 54.221-118.92 121.277 0 67.056 53.436 121.277 118.92 121.277 75.961 0 104.513-54.745 108.965-82.773H204.8v-66.009h181.261zm185.406 6.437V179.2h-56.001v55.733h-55.733v56.001h55.733v55.733h56.001v-55.733H627.2v-56.001h-55.733z\"><\/path><\/svg>\t\t\t\t\t<\/a> \t\t\t\t<\/span> \t\t\t\t\t\t\t<span class=\"elementor-grid-item\" role=\"listitem\"> \t\t\t\t\t<a class=\"elementor-icon elementor-social-icon elementor-social-icon-linkedin-in elementor-repeater-item-cc6d3ob\" target=\"_blank\"> \t\t\t\t\t\t<span class=\"elementor-screen-only\">Linkedin-in<\/span> \t\t\t\t\t\t<svg aria-hidden=\"true\" class=\"e-font-icon-svg e-fab-linkedin-in\" viewbox=\"0 0 448 512\" xmlns=\"http:\/\/www.w3.org\/2000\/svg\"><path d=\"M100.28 448H7.4V148.9h92.88zM53.79 108.1C24.09 108.1 0 83.5 0 53.8a53.79 53.79 0 0 1 107.58 0c0 29.7-24.1 54.3-53.79 54.3zM447.9 448h-92.68V302.4c0-34.7-.7-79.2-48.29-79.2-48.29 0-55.69 37.7-55.69 76.7V448h-92.78V148.9h89.08v40.8h1.3c12.4-23.5 42.69-48.3 87.88-48.3 94 0 111.28 61.9 111.28 142.3V448z\"><\/path><\/svg>\t\t\t\t\t<\/a> \t\t\t\t<\/span> \t\t\t\t\t\t\t<span class=\"elementor-grid-item\" role=\"listitem\"> \t\t\t\t\t<a class=\"elementor-icon elementor-social-icon elementor-social-icon-instagram elementor-repeater-item-we721if\" target=\"_blank\"> \t\t\t\t\t\t<span class=\"elementor-screen-only\">Instagram<\/span> \t\t\t\t\t\t<svg aria-hidden=\"true\" class=\"e-font-icon-svg e-fab-instagram\" viewbox=\"0 0 448 512\" xmlns=\"http:\/\/www.w3.org\/2000\/svg\"><path d=\"M224.1 141c-63.6 0-114.9 51.3-114.9 114.9s51.3 114.9 114.9 114.9S339 319.5 339 255.9 287.7 141 224.1 141zm0 189.6c-41.1 0-74.7-33.5-74.7-74.7s33.5-74.7 74.7-74.7 74.7 33.5 74.7 74.7-33.6 74.7-74.7 74.7zm146.4-194.3c0 14.9-12 26.8-26.8 26.8-14.9 0-26.8-12-26.8-26.8s12-26.8 26.8-26.8 26.8 12 26.8 26.8zm76.1 27.2c-1.7-35.9-9.9-67.7-36.2-93.9-26.2-26.2-58-34.4-93.9-36.2-37-2.1-147.9-2.1-184.9 0-35.8 1.7-67.6 9.9-93.9 36.1s-34.4 58-36.2 93.9c-2.1 37-2.1 147.9 0 184.9 1.7 35.9 9.9 67.7 36.2 93.9s58 34.4 93.9 36.2c37 2.1 147.9 2.1 184.9 0 35.9-1.7 67.7-9.9 93.9-36.2 26.2-26.2 34.4-58 36.2-93.9 2.1-37 2.1-147.8 0-184.8zM398.8 388c-7.8 19.6-22.9 34.7-42.6 42.6-29.5 11.7-99.5 9-132.1 9s-102.7 2.6-132.1-9c-19.6-7.8-34.7-22.9-42.6-42.6-11.7-29.5-9-99.5-9-132.1s-2.6-102.7 9-132.1c7.8-19.6 22.9-34.7 42.6-42.6 29.5-11.7 99.5-9 132.1-9s102.7-2.6 132.1 9c19.6 7.8 34.7 22.9 42.6 42.6 11.7 29.5 9 99.5 9 132.1s2.7 102.7-9 132.1z\"><\/path><\/svg>\t\t\t\t\t<\/a> \t\t\t\t<\/span> \t\t\t\t\t<\/div> \t\t\t\t\t\t<\/div> \t\t\t\t\t<\/div> \t\t\t\t<\/div> \t\t\t\t<\/div>","protected":false},"excerpt":{"rendered":"<p>Contact Us Call Us +86-17329326135 Visit Us Nautical Road East, Zhengzhou Economic Development Zone, Henan, China. Mail Us info@woodmachine.org Working Hours Beijing time: 7 * 24 hours Send Us A Message Feel interested about our wood processing machinery? Please leave your information here, we will answer you and provide you all the details and solutions [&hellip;]<\/p>\n","protected":false},"author":1,"featured_media":0,"parent":0,"menu_order":0,"comment_status":"closed","ping_status":"closed","template":"","meta":{"footnotes":""},"class_list":["post-73","page","type-page","status-publish","hentry"],"_links":{"self":[{"href":"https:\/\/woodmachine.org\/vi\/wp-json\/wp\/v2\/pages\/73","targetHints":{"allow":["GET"]}}],"collection":[{"href":"https:\/\/woodmachine.org\/vi\/wp-json\/wp\/v2\/pages"}],"about":[{"href":"https:\/\/woodmachine.org\/vi\/wp-json\/wp\/v2\/types\/page"}],"author":[{"embeddable":true,"href":"https:\/\/woodmachine.org\/vi\/wp-json\/wp\/v2\/users\/1"}],"replies":[{"embeddable":true,"href":"https:\/\/woodmachine.org\/vi\/wp-json\/wp\/v2\/comments?post=73"}],"version-history":[{"count":15,"href":"https:\/\/woodmachine.org\/vi\/wp-json\/wp\/v2\/pages\/73\/revisions"}],"predecessor-version":[{"id":4171,"href":"https:\/\/woodmachine.org\/vi\/wp-json\/wp\/v2\/pages\/73\/revisions\/4171"}],"wp:attachment":[{"href":"https:\/\/woodmachine.org\/vi\/wp-json\/wp\/v2\/media?parent=73"}],"curies":[{"name":"wp","href":"https:\/\/api.w.org\/{rel}","templated":true}]}}